{"id":371,"date":"2020-04-03T15:15:15","date_gmt":"2020-04-03T15:15:15","guid":{"rendered":"https:\/\/gaspard.qodeinteractive.com\/?page_id=371"},"modified":"2025-09-17T19:48:07","modified_gmt":"2025-09-17T19:48:07","slug":"servizi-in-hotel","status":"publish","type":"page","link":"https:\/\/www.hotelcolorado.net\/index.php\/it\/servizi-in-hotel\/","title":{"rendered":"Servizi in Hotel"},"content":{"rendered":"\t\t<div data-elementor-type=\"wp-post\" data-elementor-id=\"371\" class=\"elementor elementor-371\">\n\t\t\t\t\t\t\t\t\t<section class=\"elementor-section elementor-top-section elementor-element elementor-element-d128372 elementor-section-full_width qodef-elementor-content-grid elementor-section-height-default elementor-section-height-default\" data-id=\"d128372\" data-element_type=\"section\">\n\t\t\t\t\t\t<div class=\"elementor-container elementor-column-gap-no\">\n\t\t\t\t\t<div class=\"elementor-column elementor-col-100 elementor-top-column elementor-element elementor-element-cfdcd82\" data-id=\"cfdcd82\" data-element_type=\"column\">\n\t\t\t<div class=\"elementor-widget-wrap\">\n\t\t\t\t\t\t\t\t\t<\/div>\n\t\t<\/div>\n\t\t\t\t\t\t\t<\/div>\n\t\t<\/section>\n\t\t\t\t<section class=\"elementor-section elementor-top-section elementor-element elementor-element-74687b7 elementor-section-full_width qodef-elementor-content-grid elementor-section-height-default elementor-section-height-default\" data-id=\"74687b7\" data-element_type=\"section\">\n\t\t\t\t\t\t<div class=\"elementor-container elementor-column-gap-no\">\n\t\t\t\t\t<div class=\"elementor-column elementor-col-100 elementor-top-column elementor-element elementor-element-444f578\" data-id=\"444f578\" data-element_type=\"column\">\n\t\t\t<div class=\"elementor-widget-wrap elementor-element-populated\">\n\t\t\t\t\t\t\t\t<div class=\"elementor-element elementor-element-9ce7518 elementor-hidden-desktop elementor-widget elementor-widget-image\" data-id=\"9ce7518\" data-element_type=\"widget\" data-widget_type=\"image.default\">\n\t\t\t\t<div class=\"elementor-widget-container\">\n\t\t\t<style>\/*! elementor - v3.18.0 - 08-12-2023 *\/\n.elementor-widget-image{text-align:center}.elementor-widget-image a{display:inline-block}.elementor-widget-image a img[src$=\".svg\"]{width:48px}.elementor-widget-image img{vertical-align:middle;display:inline-block}<\/style>\t\t\t\t\t\t\t\t\t\t\t\t<img fetchpriority=\"high\" decoding=\"async\" width=\"1024\" height=\"571\" src=\"https:\/\/www.hotelcolorado.net\/wp-content\/uploads\/2025\/09\/008-1024x571.jpg\" class=\"attachment-large size-large wp-image-10826\" alt=\"\" srcset=\"https:\/\/www.hotelcolorado.net\/wp-content\/uploads\/2025\/09\/008-1024x571.jpg 1024w, https:\/\/www.hotelcolorado.net\/wp-content\/uploads\/2025\/09\/008-300x167.jpg 300w, https:\/\/www.hotelcolorado.net\/wp-content\/uploads\/2025\/09\/008-768x428.jpg 768w, https:\/\/www.hotelcolorado.net\/wp-content\/uploads\/2025\/09\/008-1536x856.jpg 1536w, https:\/\/www.hotelcolorado.net\/wp-content\/uploads\/2025\/09\/008.jpg 2000w\" sizes=\"(max-width: 1024px) 100vw, 1024px\" \/>\t\t\t\t\t\t\t\t\t\t\t\t\t\t\t<\/div>\n\t\t\t\t<\/div>\n\t\t\t\t<div class=\"elementor-element elementor-element-7807671 elementor-widget elementor-widget-qi_addons_for_elementor_dual_image_with_content\" data-id=\"7807671\" data-element_type=\"widget\" data-widget_type=\"qi_addons_for_elementor_dual_image_with_content.default\">\n\t\t\t\t<div class=\"elementor-widget-container\">\n\t\t\t<div class=\"qodef-shortcode qodef-m  qodef-qi-dual-image-with-content qodef--content-left qodef-decoration--italic qodef-link--underline-draw qodef-qi--has-appear \">\n\t<div class=\"qodef-dual-content\">\n\t\t<div class=\"qodef-m-inner-content\">\n\t\t\t\t<h2 class=\"qodef-m-title\">\n\t\tSpiaggia, acqua e verde\t<\/h2>\n\t\t\t\t<p class=\"qodef-m-text\">Mare o piscina? Dipende solo da te perch\u00e9 nel tuo soggiorno \u00e8 compreso sia il servizio spiaggia con 1 ombrellone e 2 lettini a 50 metri dal nostro albergo, sia l\u2019accesso alla nostra piscina di 14x8 metri, attrezzata con ombrelloni e lettini. Ci sono anche una piccola piscina con acqua bassa per i pi\u00f9 piccini e una vasca idromassaggio con acqua riscaldata per godere del pi\u00f9 completo relax. Se infine ti piace riposare a contatto con il verde, la nostra pineta \u00e8 il luogo ideale per godere di aria fresca durante le soleggiate giornate estive, magari assaporando un drink o un buon caff\u00e8 nel nostro giardino attrezzato con sedie, tavolini e lettini.<\/p>\n\t\t<\/div>\n\t\t<div class=\"qodef-m-inner-bottom\">\n\t\t\t\t\t<\/div>\n\t<\/div>\n\t<div class=\"qodef-image-holder\">\n\t\t<div class=\"qodef-m-main-image\">\n\t<img decoding=\"async\" width=\"2000\" height=\"1334\" src=\"https:\/\/www.hotelcolorado.net\/wp-content\/uploads\/2025\/09\/015.jpg\" class=\"attachment-full size-full\" alt=\"\" srcset=\"https:\/\/www.hotelcolorado.net\/wp-content\/uploads\/2025\/09\/015.jpg 2000w, https:\/\/www.hotelcolorado.net\/wp-content\/uploads\/2025\/09\/015-300x200.jpg 300w, https:\/\/www.hotelcolorado.net\/wp-content\/uploads\/2025\/09\/015-1024x683.jpg 1024w, https:\/\/www.hotelcolorado.net\/wp-content\/uploads\/2025\/09\/015-768x512.jpg 768w, https:\/\/www.hotelcolorado.net\/wp-content\/uploads\/2025\/09\/015-1536x1025.jpg 1536w\" sizes=\"(max-width: 2000px) 100vw, 2000px\" \/><\/div>\n\t\t<div class=\"qodef-m-second-image\">\n\t<img decoding=\"async\" width=\"150\" height=\"150\" src=\"https:\/\/www.hotelcolorado.net\/wp-content\/uploads\/2023\/05\/ico-piscina-1-150x150.png\" class=\"attachment-thumbnail size-thumbnail\" alt=\"\" srcset=\"https:\/\/www.hotelcolorado.net\/wp-content\/uploads\/2023\/05\/ico-piscina-1-150x150.png 150w, https:\/\/www.hotelcolorado.net\/wp-content\/uploads\/2023\/05\/ico-piscina-1.png 190w\" sizes=\"(max-width: 150px) 100vw, 150px\" \/><\/div>\n\t<\/div>\n<\/div>\n\t\t<\/div>\n\t\t\t\t<\/div>\n\t\t\t\t<div class=\"elementor-element elementor-element-dde63ad elementor-align-center elementor-widget elementor-widget-button\" data-id=\"dde63ad\" data-element_type=\"widget\" data-widget_type=\"button.default\">\n\t\t\t\t<div class=\"elementor-widget-container\">\n\t\t\t\t\t<div class=\"elementor-button-wrapper\">\n\t\t\t<a class=\"elementor-button elementor-button-link elementor-size-lg\" href=\"https:\/\/www.hotelcolorado.net\/wp-content\/uploads\/2025\/01\/regolamento-piscina-it.pdf\">\n\t\t\t\t\t\t<span class=\"elementor-button-content-wrapper\">\n\t\t\t\t\t\t<span class=\"elementor-button-text\">Regolamento piscina<\/span>\n\t\t<\/span>\n\t\t\t\t\t<\/a>\n\t\t<\/div>\n\t\t\t\t<\/div>\n\t\t\t\t<\/div>\n\t\t\t\t\t<\/div>\n\t\t<\/div>\n\t\t\t\t\t\t\t<\/div>\n\t\t<\/section>\n\t\t\t\t<section class=\"elementor-section elementor-top-section elementor-element elementor-element-a6b3a95 elementor-section-full_width qodef-elementor-content-grid elementor-section-height-default elementor-section-height-default\" data-id=\"a6b3a95\" data-element_type=\"section\">\n\t\t\t\t\t\t<div class=\"elementor-container elementor-column-gap-no\">\n\t\t\t\t\t<div class=\"elementor-column elementor-col-100 elementor-top-column elementor-element elementor-element-dd75ba1\" data-id=\"dd75ba1\" data-element_type=\"column\">\n\t\t\t<div class=\"elementor-widget-wrap elementor-element-populated\">\n\t\t\t\t\t\t\t\t<div class=\"elementor-element elementor-element-390ad33 elementor-hidden-desktop elementor-widget elementor-widget-image\" data-id=\"390ad33\" data-element_type=\"widget\" data-widget_type=\"image.default\">\n\t\t\t\t<div class=\"elementor-widget-container\">\n\t\t\t\t\t\t\t\t\t\t\t\t\t\t\t<img loading=\"lazy\" decoding=\"async\" width=\"1024\" height=\"683\" src=\"https:\/\/www.hotelcolorado.net\/wp-content\/uploads\/2023\/05\/servizi-6-1024x683-1.jpeg\" class=\"attachment-large size-large wp-image-3308\" alt=\"\" srcset=\"https:\/\/www.hotelcolorado.net\/wp-content\/uploads\/2023\/05\/servizi-6-1024x683-1.jpeg 1024w, https:\/\/www.hotelcolorado.net\/wp-content\/uploads\/2023\/05\/servizi-6-1024x683-1-300x200.jpeg 300w, https:\/\/www.hotelcolorado.net\/wp-content\/uploads\/2023\/05\/servizi-6-1024x683-1-768x512.jpeg 768w\" sizes=\"(max-width: 1024px) 100vw, 1024px\" \/>\t\t\t\t\t\t\t\t\t\t\t\t\t\t\t<\/div>\n\t\t\t\t<\/div>\n\t\t\t\t<div class=\"elementor-element elementor-element-daf7414 elementor-widget elementor-widget-qi_addons_for_elementor_dual_image_with_content\" data-id=\"daf7414\" data-element_type=\"widget\" data-widget_type=\"qi_addons_for_elementor_dual_image_with_content.default\">\n\t\t\t\t<div class=\"elementor-widget-container\">\n\t\t\t<div class=\"qodef-shortcode qodef-m  qodef-qi-dual-image-with-content qodef--content-left qodef-decoration--italic qodef-link--underline-draw qodef-qi--has-appear \">\n\t<div class=\"qodef-dual-content\">\n\t\t<div class=\"qodef-m-inner-content\">\n\t\t\t\t<h2 class=\"qodef-m-title\">\n\t\tSport anche in vacanza\t<\/h2>\n\t\t\t\t<p class=\"qodef-m-text\">Se ami mantenerti in forma puoi allenarti nella nostra area fitness. A tua disposizione ci sono macchinari Technogym, fitball, materassini per lo yoga e tutto quanto pu\u00f2 servire a sentirti meglio con il tuo corpo. Se ti piace anche il movimento all\u2019aria aperta, Hotel Colorado noleggia biciclette per adulti e bambini complete di seggiolini e caschetti, alla scoperta degli angoli pi\u00f9 belli dei Lignano. E se magari ti viene voglia di sfide tra amici o familiari ti aspettano il tavolo da ping-pong, il calcio balilla e il campo di bocce. <\/p>\n\t\t<\/div>\n\t\t<div class=\"qodef-m-inner-bottom\">\n\t\t\t\t\t<\/div>\n\t<\/div>\n\t<div class=\"qodef-image-holder\">\n\t\t<div class=\"qodef-m-main-image\">\n\t<img loading=\"lazy\" decoding=\"async\" width=\"1024\" height=\"683\" src=\"https:\/\/www.hotelcolorado.net\/wp-content\/uploads\/2023\/05\/servizi-6-1024x683-1.jpeg\" class=\"attachment-full size-full\" alt=\"\" srcset=\"https:\/\/www.hotelcolorado.net\/wp-content\/uploads\/2023\/05\/servizi-6-1024x683-1.jpeg 1024w, https:\/\/www.hotelcolorado.net\/wp-content\/uploads\/2023\/05\/servizi-6-1024x683-1-300x200.jpeg 300w, https:\/\/www.hotelcolorado.net\/wp-content\/uploads\/2023\/05\/servizi-6-1024x683-1-768x512.jpeg 768w\" sizes=\"(max-width: 1024px) 100vw, 1024px\" \/><\/div>\n\t\t<div class=\"qodef-m-second-image\">\n\t<img loading=\"lazy\" decoding=\"async\" width=\"150\" height=\"150\" src=\"https:\/\/www.hotelcolorado.net\/wp-content\/uploads\/2023\/05\/ico-palestra-1-150x150.png\" class=\"attachment-thumbnail size-thumbnail\" alt=\"\" srcset=\"https:\/\/www.hotelcolorado.net\/wp-content\/uploads\/2023\/05\/ico-palestra-1-150x150.png 150w, https:\/\/www.hotelcolorado.net\/wp-content\/uploads\/2023\/05\/ico-palestra-1.png 190w\" sizes=\"(max-width: 150px) 100vw, 150px\" \/><\/div>\n\t<\/div>\n<\/div>\n\t\t<\/div>\n\t\t\t\t<\/div>\n\t\t\t\t\t<\/div>\n\t\t<\/div>\n\t\t\t\t\t\t\t<\/div>\n\t\t<\/section>\n\t\t\t\t<section class=\"elementor-section elementor-top-section elementor-element elementor-element-79bb865 elementor-section-full_width qodef-elementor-content-grid elementor-section-height-default elementor-section-height-default\" data-id=\"79bb865\" data-element_type=\"section\">\n\t\t\t\t\t\t<div class=\"elementor-container elementor-column-gap-no\">\n\t\t\t\t\t<div class=\"elementor-column elementor-col-100 elementor-top-column elementor-element elementor-element-f102b81\" data-id=\"f102b81\" data-element_type=\"column\">\n\t\t\t<div class=\"elementor-widget-wrap elementor-element-populated\">\n\t\t\t\t\t\t\t\t<div class=\"elementor-element elementor-element-a748428 elementor-hidden-desktop elementor-widget elementor-widget-image\" data-id=\"a748428\" data-element_type=\"widget\" data-widget_type=\"image.default\">\n\t\t\t\t<div class=\"elementor-widget-container\">\n\t\t\t\t\t\t\t\t\t\t\t\t\t\t\t<img loading=\"lazy\" decoding=\"async\" width=\"1024\" height=\"683\" src=\"https:\/\/www.hotelcolorado.net\/wp-content\/uploads\/2023\/05\/servizi-5-1024x683-1.jpeg\" class=\"attachment-large size-large wp-image-3310\" alt=\"\" srcset=\"https:\/\/www.hotelcolorado.net\/wp-content\/uploads\/2023\/05\/servizi-5-1024x683-1.jpeg 1024w, https:\/\/www.hotelcolorado.net\/wp-content\/uploads\/2023\/05\/servizi-5-1024x683-1-300x200.jpeg 300w, https:\/\/www.hotelcolorado.net\/wp-content\/uploads\/2023\/05\/servizi-5-1024x683-1-768x512.jpeg 768w\" sizes=\"(max-width: 1024px) 100vw, 1024px\" \/>\t\t\t\t\t\t\t\t\t\t\t\t\t\t\t<\/div>\n\t\t\t\t<\/div>\n\t\t\t\t<div class=\"elementor-element elementor-element-4adb858 elementor-widget elementor-widget-qi_addons_for_elementor_dual_image_with_content\" data-id=\"4adb858\" data-element_type=\"widget\" data-widget_type=\"qi_addons_for_elementor_dual_image_with_content.default\">\n\t\t\t\t<div class=\"elementor-widget-container\">\n\t\t\t<div class=\"qodef-shortcode qodef-m  qodef-qi-dual-image-with-content qodef--content-left qodef-decoration--italic qodef-link--underline-draw qodef-qi--has-appear \">\n\t<div class=\"qodef-dual-content\">\n\t\t<div class=\"qodef-m-inner-content\">\n\t\t\t\t<h2 class=\"qodef-m-title\">\n\t\tLanguorini e stuzzichini\t<\/h2>\n\t\t\t\t<p class=\"qodef-m-text\">Si sa, le attivit\u00e0 estive tra un pasto e l\u2019altro possono comportare un dispendio di energie. Presso il bar dell\u2019hotel puoi trovare centrifughe di frutta e verdura, stuzzicanti snack dolci o salati, insalatone e gustosi piatti freddi, l\u2019ideale per le giornate estive a Lignano. Se preferisci rimanere all\u2019aria aperta il nostro bar offre il servizio anche a bordo piscina e nella pineta privata. A cadenza periodica inoltre, Hotel Colorado organizza serate di musica dal vivo e ogni domenica il bar offre agli ospiti un fresco aperitivo all\u2019aperto. Ogni soggiorno porta con s\u00e9 piacevoli sorprese, non ti resta che sceglierci e scoprirle.<\/p>\n\t\t<\/div>\n\t\t<div class=\"qodef-m-inner-bottom\">\n\t\t\t\t\t<\/div>\n\t<\/div>\n\t<div class=\"qodef-image-holder\">\n\t\t<div class=\"qodef-m-main-image\">\n\t<img loading=\"lazy\" decoding=\"async\" width=\"1024\" height=\"683\" src=\"https:\/\/www.hotelcolorado.net\/wp-content\/uploads\/2023\/05\/servizi-5-1024x683-1.jpeg\" class=\"attachment-full size-full\" alt=\"\" srcset=\"https:\/\/www.hotelcolorado.net\/wp-content\/uploads\/2023\/05\/servizi-5-1024x683-1.jpeg 1024w, https:\/\/www.hotelcolorado.net\/wp-content\/uploads\/2023\/05\/servizi-5-1024x683-1-300x200.jpeg 300w, https:\/\/www.hotelcolorado.net\/wp-content\/uploads\/2023\/05\/servizi-5-1024x683-1-768x512.jpeg 768w\" sizes=\"(max-width: 1024px) 100vw, 1024px\" \/><\/div>\n\t\t<div class=\"qodef-m-second-image\">\n\t<img loading=\"lazy\" decoding=\"async\" width=\"150\" height=\"150\" src=\"https:\/\/www.hotelcolorado.net\/wp-content\/uploads\/2023\/05\/ico-bar-150x150.png\" class=\"attachment-thumbnail size-thumbnail\" alt=\"\" srcset=\"https:\/\/www.hotelcolorado.net\/wp-content\/uploads\/2023\/05\/ico-bar-150x150.png 150w, https:\/\/www.hotelcolorado.net\/wp-content\/uploads\/2023\/05\/ico-bar.png 190w\" sizes=\"(max-width: 150px) 100vw, 150px\" \/><\/div>\n\t<\/div>\n<\/div>\n\t\t<\/div>\n\t\t\t\t<\/div>\n\t\t\t\t\t<\/div>\n\t\t<\/div>\n\t\t\t\t\t\t\t<\/div>\n\t\t<\/section>\n\t\t\t\t\t\t\t<\/div>\n\t\t","protected":false},"excerpt":{"rendered":"<p>Spiaggia, acqua e verde Mare o piscina? Dipende solo da te perch\u00e9 nel tuo soggiorno \u00e8 compreso sia il servizio spiaggia con 1 ombrellone e 2 lettini a 50 metri dal nostro albergo, sia l\u2019accesso alla nostra piscina di 14&#215;8 metri, attrezzata con ombrelloni e lettini. Ci sono anche una piccola piscina con acqua bassa [&hellip;]<\/p>\n","protected":false},"author":1,"featured_media":0,"parent":0,"menu_order":0,"comment_status":"closed","ping_status":"closed","template":"page-full-width.php","meta":{"footnotes":""},"class_list":["post-371","page","type-page","status-publish","hentry"],"_links":{"self":[{"href":"https:\/\/www.hotelcolorado.net\/index.php\/wp-json\/wp\/v2\/pages\/371","targetHints":{"allow":["GET"]}}],"collection":[{"href":"https:\/\/www.hotelcolorado.net\/index.php\/wp-json\/wp\/v2\/pages"}],"about":[{"href":"https:\/\/www.hotelcolorado.net\/index.php\/wp-json\/wp\/v2\/types\/page"}],"author":[{"embeddable":true,"href":"https:\/\/www.hotelcolorado.net\/index.php\/wp-json\/wp\/v2\/users\/1"}],"replies":[{"embeddable":true,"href":"https:\/\/www.hotelcolorado.net\/index.php\/wp-json\/wp\/v2\/comments?post=371"}],"version-history":[{"count":34,"href":"https:\/\/www.hotelcolorado.net\/index.php\/wp-json\/wp\/v2\/pages\/371\/revisions"}],"predecessor-version":[{"id":10830,"href":"https:\/\/www.hotelcolorado.net\/index.php\/wp-json\/wp\/v2\/pages\/371\/revisions\/10830"}],"wp:attachment":[{"href":"https:\/\/www.hotelcolorado.net\/index.php\/wp-json\/wp\/v2\/media?parent=371"}],"curies":[{"name":"wp","href":"https:\/\/api.w.org\/{rel}","templated":true}]}}