{"id":4033,"date":"2023-10-23T21:38:46","date_gmt":"2023-10-23T21:38:46","guid":{"rendered":"https:\/\/www.hotelcolorado.net\/?page_id=4033"},"modified":"2024-05-24T17:32:30","modified_gmt":"2024-05-24T17:32:30","slug":"kamera-superior","status":"publish","type":"page","link":"https:\/\/www.hotelcolorado.net\/index.php\/de\/zimmer\/kamera-superior\/","title":{"rendered":"Zimmer Superior"},"content":{"rendered":"\t\t<div data-elementor-type=\"wp-post\" data-elementor-id=\"4033\" class=\"elementor elementor-4033\">\n\t\t\t\t\t\t\t\t\t<section class=\"elementor-section elementor-top-section elementor-element elementor-element-ef5dc85 qodef-elementor-content-grid elementor-section-content-top elementor-section-boxed elementor-section-height-default elementor-section-height-default\" data-id=\"ef5dc85\" data-element_type=\"section\">\n\t\t\t\t\t\t<div class=\"elementor-container elementor-column-gap-no\">\n\t\t\t\t\t<div class=\"elementor-column elementor-col-50 elementor-top-column elementor-element elementor-element-c53a540 elementor-hidden-tablet elementor-hidden-mobile\" data-id=\"c53a540\" data-element_type=\"column\">\n\t\t\t<div class=\"elementor-widget-wrap elementor-element-populated\">\n\t\t\t\t\t\t\t\t<div class=\"elementor-element elementor-element-8fb8ad2 elementor-widget elementor-widget-gaspard_core_parallax_image\" data-id=\"8fb8ad2\" data-element_type=\"widget\" data-widget_type=\"gaspard_core_parallax_image.default\">\n\t\t\t\t<div class=\"elementor-widget-container\">\n\t\t\t<div class=\"qodef-shortcode qodef-m  qodef-parallax-image qodef-layout--default qodef-animation--enabled\">\n\t<div class=\"qodef-m-image\">\n\t\t<div class=\"qodef-e-image-holder\">\n\t\t\t<div class=\"qodef-e-image-zoom-holder\">\n\t\t\t\t\t\t\t\t\t<img fetchpriority=\"high\" decoding=\"async\" width=\"2560\" height=\"1708\" src=\"https:\/\/www.hotelcolorado.net\/wp-content\/uploads\/2023\/11\/AMP_0283-scaled.jpg\" class=\"qodef-e-image\" alt=\"\" srcset=\"https:\/\/www.hotelcolorado.net\/wp-content\/uploads\/2023\/11\/AMP_0283-scaled.jpg 2560w, https:\/\/www.hotelcolorado.net\/wp-content\/uploads\/2023\/11\/AMP_0283-300x200.jpg 300w, https:\/\/www.hotelcolorado.net\/wp-content\/uploads\/2023\/11\/AMP_0283-1024x683.jpg 1024w, https:\/\/www.hotelcolorado.net\/wp-content\/uploads\/2023\/11\/AMP_0283-768x512.jpg 768w, https:\/\/www.hotelcolorado.net\/wp-content\/uploads\/2023\/11\/AMP_0283-1536x1025.jpg 1536w, https:\/\/www.hotelcolorado.net\/wp-content\/uploads\/2023\/11\/AMP_0283-2048x1367.jpg 2048w\" sizes=\"(max-width: 2560px) 100vw, 2560px\" \/>\t\t\t\t\t\t\t<\/div>\n\t\t<\/div>\n\t<\/div>\n<\/div>\t\t<\/div>\n\t\t\t\t<\/div>\n\t\t\t\t<div class=\"elementor-element elementor-element-62123ec elementor-widget elementor-widget-gaspard_core_parallax_image\" data-id=\"62123ec\" data-element_type=\"widget\" data-widget_type=\"gaspard_core_parallax_image.default\">\n\t\t\t\t<div class=\"elementor-widget-container\">\n\t\t\t<div class=\"qodef-shortcode qodef-m  qodef-parallax-image qodef-layout--default qodef-animation--enabled\">\n\t<div class=\"qodef-m-image\">\n\t\t<div class=\"qodef-e-image-holder\">\n\t\t\t<div class=\"qodef-e-image-zoom-holder\">\n\t\t\t\t\t\t\t\t\t<img decoding=\"async\" width=\"1024\" height=\"683\" src=\"https:\/\/www.hotelcolorado.net\/wp-content\/uploads\/2023\/08\/camera-superior-bagno.jpg\" class=\"qodef-e-image\" alt=\"\" srcset=\"https:\/\/www.hotelcolorado.net\/wp-content\/uploads\/2023\/08\/camera-superior-bagno.jpg 1024w, https:\/\/www.hotelcolorado.net\/wp-content\/uploads\/2023\/08\/camera-superior-bagno-300x200.jpg 300w, https:\/\/www.hotelcolorado.net\/wp-content\/uploads\/2023\/08\/camera-superior-bagno-768x512.jpg 768w\" sizes=\"(max-width: 1024px) 100vw, 1024px\" \/>\t\t\t\t\t\t\t<\/div>\n\t\t<\/div>\n\t<\/div>\n<\/div>\t\t<\/div>\n\t\t\t\t<\/div>\n\t\t\t\t\t<\/div>\n\t\t<\/div>\n\t\t\t\t<div class=\"elementor-column elementor-col-50 elementor-top-column elementor-element elementor-element-9399ff8\" data-id=\"9399ff8\" data-element_type=\"column\">\n\t\t\t<div class=\"elementor-widget-wrap elementor-element-populated\">\n\t\t\t\t\t\t\t\t<div class=\"elementor-element elementor-element-74f93ce elementor-widget elementor-widget-gaspard_core_section_title\" data-id=\"74f93ce\" data-element_type=\"widget\" data-widget_type=\"gaspard_core_section_title.default\">\n\t\t\t\t<div class=\"elementor-widget-container\">\n\t\t\t<div class=\"qodef-shortcode qodef-m  qodef-section-title qodef-alignment--left  qodef--has-appear\">\n\t\t<h3 class=\"qodef-m-title\" >\n\tSchlafzimmer- und Badezimmerfl\u00e4che: 26 qm + Terrass\t<\/h3>\n\t\t<p class=\"qodef-m-subtitle\" >Strand  1. oder 2. Etage <\/p>\n\t\t<div class=\"qodef-m-text\" style=\"margin-top: 29px\">\n\t\t<p>Ideal f\u00fcr 2 Personen, bietet es Platz f\u00fcr bis zu 4 Personen. Die Schalld\u00e4mmung der Oberfl\u00e4che, die in Italien hergestellten M\u00f6bel, die sich durch die sorgf\u00e4ltige Verarbeitung auszeichnen, die Holzeins\u00e4tze und die sanften Farben schaffen ein entspannendes und exklusives Wohngef\u00fchl.<\/p><p>Im Schlafbereich gibt es ein Doppelbett mit Komfortmatratze oder auf Wunsch zwei Einzelbetten, im Wohnbereich ein bequemes Schlafsofa. Die Eleganz, die das Badezimmer auszeichnet, zusammen mit dem fein ausgestatteten Balkon runden ein umfassendes Konzept f\u00fcr diejenigen ab, die normalerweise angenehme und elegante Orte bevorzugen<\/p>\t<\/div>\n\t\t<div class=\"qodef-m-button clear\">\n\t\t<a class=\"qodef-shortcode qodef-m  qodef-button qodef-layout--outlined   qodef-html--link\" href=\"https:\/\/www.hotelcolorado.net\/wp-content\/uploads\/2023\/12\/Piantine-suite-A.pdf\" target=\"_blank\"  >\t<span class=\"qodef-m-text\">Entdecken sie den raum<\/span>    <span class=\"qodef-m-bckg-holder\" ><\/span><\/a>\t<\/div>\n\t<\/div>\t\t<\/div>\n\t\t\t\t<\/div>\n\t\t\t\t\t<\/div>\n\t\t<\/div>\n\t\t\t\t\t\t\t<\/div>\n\t\t<\/section>\n\t\t\t\t<section class=\"elementor-section elementor-top-section elementor-element elementor-element-1f8ab3f elementor-section-full_width qodef-elementor-content-grid elementor-section-height-default elementor-section-height-default\" data-id=\"1f8ab3f\" data-element_type=\"section\" data-settings=\"{&quot;background_background&quot;:&quot;classic&quot;}\">\n\t\t\t\t\t\t\t<div class=\"elementor-background-overlay\"><\/div>\n\t\t\t\t\t\t\t<div class=\"elementor-container elementor-column-gap-no\">\n\t\t\t\t\t<div class=\"elementor-column elementor-col-25 elementor-top-column elementor-element elementor-element-79960d6\" data-id=\"79960d6\" data-element_type=\"column\">\n\t\t\t<div class=\"elementor-widget-wrap elementor-element-populated\">\n\t\t\t\t\t\t\t\t<div class=\"elementor-element elementor-element-7668670 elementor-position-left elementor-vertical-align-middle elementor-widget elementor-widget-image-box\" data-id=\"7668670\" data-element_type=\"widget\" data-widget_type=\"image-box.default\">\n\t\t\t\t<div class=\"elementor-widget-container\">\n\t\t\t<style>\/*! elementor - v3.18.0 - 08-12-2023 *\/\n.elementor-widget-image-box .elementor-image-box-content{width:100%}@media (min-width:768px){.elementor-widget-image-box.elementor-position-left .elementor-image-box-wrapper,.elementor-widget-image-box.elementor-position-right .elementor-image-box-wrapper{display:flex}.elementor-widget-image-box.elementor-position-right .elementor-image-box-wrapper{text-align:right;flex-direction:row-reverse}.elementor-widget-image-box.elementor-position-left .elementor-image-box-wrapper{text-align:left;flex-direction:row}.elementor-widget-image-box.elementor-position-top .elementor-image-box-img{margin:auto}.elementor-widget-image-box.elementor-vertical-align-top .elementor-image-box-wrapper{align-items:flex-start}.elementor-widget-image-box.elementor-vertical-align-middle .elementor-image-box-wrapper{align-items:center}.elementor-widget-image-box.elementor-vertical-align-bottom .elementor-image-box-wrapper{align-items:flex-end}}@media (max-width:767px){.elementor-widget-image-box .elementor-image-box-img{margin-left:auto!important;margin-right:auto!important;margin-bottom:15px}}.elementor-widget-image-box .elementor-image-box-img{display:inline-block}.elementor-widget-image-box .elementor-image-box-title a{color:inherit}.elementor-widget-image-box .elementor-image-box-wrapper{text-align:center}.elementor-widget-image-box .elementor-image-box-description{margin:0}<\/style><div class=\"elementor-image-box-wrapper\"><figure class=\"elementor-image-box-img\"><img decoding=\"async\" src=\"https:\/\/www.hotelcolorado.net\/wp-content\/uploads\/elementor\/thumbs\/arredamentomoderno-qh4s9cnuydcj6q4bwde8p78yfngi4df2av6rbu48xo.png\" title=\"arredamentomoderno\" alt=\"arredamentomoderno\" loading=\"lazy\" \/><\/figure><div class=\"elementor-image-box-content\"><p class=\"elementor-image-box-description\">Zeitgen\u00f6ssische M\u00f6bel<\/p><\/div><\/div>\t\t<\/div>\n\t\t\t\t<\/div>\n\t\t\t\t<div class=\"elementor-element elementor-element-b3137a5 elementor-position-left elementor-vertical-align-middle elementor-widget elementor-widget-image-box\" data-id=\"b3137a5\" data-element_type=\"widget\" data-widget_type=\"image-box.default\">\n\t\t\t\t<div class=\"elementor-widget-container\">\n\t\t\t<div class=\"elementor-image-box-wrapper\"><figure class=\"elementor-image-box-img\"><img decoding=\"async\" src=\"https:\/\/www.hotelcolorado.net\/wp-content\/uploads\/elementor\/thumbs\/outline_volume_off_black_24dp-prova-qh4s9cnuydcj6q4bwde8p78yfngi4df2av6rbu48xo.png\" title=\"outline_volume_off_black_24dp-prova\" alt=\"outline_volume_off_black_24dp-prova\" loading=\"lazy\" \/><\/figure><div class=\"elementor-image-box-content\"><p class=\"elementor-image-box-description\"> Schallisolierter Boden<\/p><\/div><\/div>\t\t<\/div>\n\t\t\t\t<\/div>\n\t\t\t\t<div class=\"elementor-element elementor-element-11e0f3d elementor-position-left elementor-vertical-align-middle elementor-widget elementor-widget-image-box\" data-id=\"11e0f3d\" data-element_type=\"widget\" data-widget_type=\"image-box.default\">\n\t\t\t\t<div class=\"elementor-widget-container\">\n\t\t\t<div class=\"elementor-image-box-wrapper\"><figure class=\"elementor-image-box-img\"><img decoding=\"async\" src=\"https:\/\/www.hotelcolorado.net\/wp-content\/uploads\/elementor\/thumbs\/materasso-qh4s9cnuydcj6q4bwde8p78yfngi4df2av6rbu48xo.png\" title=\"materasso\" alt=\"materasso\" loading=\"lazy\" \/><\/figure><div class=\"elementor-image-box-content\"><p class=\"elementor-image-box-description\">Komfortmatratzen<\/p><\/div><\/div>\t\t<\/div>\n\t\t\t\t<\/div>\n\t\t\t\t\t<\/div>\n\t\t<\/div>\n\t\t\t\t<div class=\"elementor-column elementor-col-25 elementor-top-column elementor-element elementor-element-dd89e9c\" data-id=\"dd89e9c\" data-element_type=\"column\">\n\t\t\t<div class=\"elementor-widget-wrap elementor-element-populated\">\n\t\t\t\t\t\t\t\t<div class=\"elementor-element elementor-element-ca4e9d0 elementor-position-left elementor-vertical-align-middle elementor-widget elementor-widget-image-box\" data-id=\"ca4e9d0\" data-element_type=\"widget\" data-widget_type=\"image-box.default\">\n\t\t\t\t<div class=\"elementor-widget-container\">\n\t\t\t<div class=\"elementor-image-box-wrapper\"><figure class=\"elementor-image-box-img\"><img decoding=\"async\" src=\"https:\/\/www.hotelcolorado.net\/wp-content\/uploads\/elementor\/thumbs\/doccia-qh4s9dlp57dtic2yqvsv9p0f11bvc2ismzu8t42urg.png\" title=\"doccia\" alt=\"doccia\" loading=\"lazy\" \/><\/figure><div class=\"elementor-image-box-content\"><p class=\"elementor-image-box-description\">Badezimmer mit Dusche<\/p><\/div><\/div>\t\t<\/div>\n\t\t\t\t<\/div>\n\t\t\t\t<div class=\"elementor-element elementor-element-1729940 elementor-position-left elementor-vertical-align-middle elementor-widget elementor-widget-image-box\" data-id=\"1729940\" data-element_type=\"widget\" data-widget_type=\"image-box.default\">\n\t\t\t\t<div class=\"elementor-widget-container\">\n\t\t\t<div class=\"elementor-image-box-wrapper\"><figure class=\"elementor-image-box-img\"><img decoding=\"async\" src=\"https:\/\/www.hotelcolorado.net\/wp-content\/uploads\/elementor\/thumbs\/balcone-qh4s9cnuydcj6q4bwde8p78yfngi4df2av6rbu48xo.png\" title=\"balcone\" alt=\"balcone\" loading=\"lazy\" \/><\/figure><div class=\"elementor-image-box-content\"><p class=\"elementor-image-box-description\">M\u00f6blierter Balkon<\/p><\/div><\/div>\t\t<\/div>\n\t\t\t\t<\/div>\n\t\t\t\t<div class=\"elementor-element elementor-element-45e52cf elementor-position-left elementor-vertical-align-middle elementor-widget elementor-widget-image-box\" data-id=\"45e52cf\" data-element_type=\"widget\" data-widget_type=\"image-box.default\">\n\t\t\t\t<div class=\"elementor-widget-container\">\n\t\t\t<div class=\"elementor-image-box-wrapper\"><figure class=\"elementor-image-box-img\"><img decoding=\"async\" src=\"https:\/\/www.hotelcolorado.net\/wp-content\/uploads\/elementor\/thumbs\/AC-qh4s9cnuydcj6q4bwde8p78yfngi4df2av6rbu48xo.png\" title=\"AC\" alt=\"AC\" loading=\"lazy\" \/><\/figure><div class=\"elementor-image-box-content\"><p class=\"elementor-image-box-description\"> Klimaanlage und Heizung<\/p><\/div><\/div>\t\t<\/div>\n\t\t\t\t<\/div>\n\t\t\t\t\t<\/div>\n\t\t<\/div>\n\t\t\t\t<div class=\"elementor-column elementor-col-25 elementor-top-column elementor-element elementor-element-bf88096\" data-id=\"bf88096\" data-element_type=\"column\">\n\t\t\t<div class=\"elementor-widget-wrap elementor-element-populated\">\n\t\t\t\t\t\t\t\t<div class=\"elementor-element elementor-element-261e246 elementor-position-left elementor-vertical-align-middle elementor-widget elementor-widget-image-box\" data-id=\"261e246\" data-element_type=\"widget\" data-widget_type=\"image-box.default\">\n\t\t\t\t<div class=\"elementor-widget-container\">\n\t\t\t<div class=\"elementor-image-box-wrapper\"><figure class=\"elementor-image-box-img\"><img decoding=\"async\" src=\"https:\/\/www.hotelcolorado.net\/wp-content\/uploads\/elementor\/thumbs\/tvsat-qh4s9cnuydcj6q4bwde8p78yfngi4df2av6rbu48xo.png\" title=\"tvsat\" alt=\"tvsat\" loading=\"lazy\" \/><\/figure><div class=\"elementor-image-box-content\"><p class=\"elementor-image-box-description\">Satellitenfernsehen<\/p><\/div><\/div>\t\t<\/div>\n\t\t\t\t<\/div>\n\t\t\t\t<div class=\"elementor-element elementor-element-7fdbc7c elementor-position-left elementor-vertical-align-middle elementor-widget elementor-widget-image-box\" data-id=\"7fdbc7c\" data-element_type=\"widget\" data-widget_type=\"image-box.default\">\n\t\t\t\t<div class=\"elementor-widget-container\">\n\t\t\t<div class=\"elementor-image-box-wrapper\"><figure class=\"elementor-image-box-img\"><img decoding=\"async\" src=\"https:\/\/www.hotelcolorado.net\/wp-content\/uploads\/elementor\/thumbs\/phon-qh4s9dlp57dtic2yqvsv9p0f11bvc2ismzu8t42urg.png\" title=\"phon\" alt=\"phon\" loading=\"lazy\" \/><\/figure><div class=\"elementor-image-box-content\"><p class=\"elementor-image-box-description\">Phon<\/p><\/div><\/div>\t\t<\/div>\n\t\t\t\t<\/div>\n\t\t\t\t<div class=\"elementor-element elementor-element-20b6bef elementor-position-left elementor-vertical-align-middle elementor-widget elementor-widget-image-box\" data-id=\"20b6bef\" data-element_type=\"widget\" data-widget_type=\"image-box.default\">\n\t\t\t\t<div class=\"elementor-widget-container\">\n\t\t\t<div class=\"elementor-image-box-wrapper\"><figure class=\"elementor-image-box-img\"><img decoding=\"async\" src=\"https:\/\/www.hotelcolorado.net\/wp-content\/uploads\/elementor\/thumbs\/wifi-qh4s9dlp57dtic2yqvsv9p0f11bvc2ismzu8t42urg.png\" title=\"wifi\" alt=\"wifi\" loading=\"lazy\" \/><\/figure><div class=\"elementor-image-box-content\"><p class=\"elementor-image-box-description\">WLAN<\/p><\/div><\/div>\t\t<\/div>\n\t\t\t\t<\/div>\n\t\t\t\t\t<\/div>\n\t\t<\/div>\n\t\t\t\t<div class=\"elementor-column elementor-col-25 elementor-top-column elementor-element elementor-element-34c35e5\" data-id=\"34c35e5\" data-element_type=\"column\">\n\t\t\t<div class=\"elementor-widget-wrap elementor-element-populated\">\n\t\t\t\t\t\t\t\t<div class=\"elementor-element elementor-element-753606f elementor-position-left elementor-vertical-align-middle elementor-widget elementor-widget-image-box\" data-id=\"753606f\" data-element_type=\"widget\" data-widget_type=\"image-box.default\">\n\t\t\t\t<div class=\"elementor-widget-container\">\n\t\t\t<div class=\"elementor-image-box-wrapper\"><figure class=\"elementor-image-box-img\"><img decoding=\"async\" src=\"https:\/\/www.hotelcolorado.net\/wp-content\/uploads\/elementor\/thumbs\/frigo-qh4s9cnuydcj6q4bwde8p78yfngi4df2av6rbu48xo.png\" title=\"frigo\" alt=\"frigo\" loading=\"lazy\" \/><\/figure><div class=\"elementor-image-box-content\"><p class=\"elementor-image-box-description\">Minibar<\/p><\/div><\/div>\t\t<\/div>\n\t\t\t\t<\/div>\n\t\t\t\t<div class=\"elementor-element elementor-element-8ef7999 elementor-position-left elementor-vertical-align-middle elementor-widget elementor-widget-image-box\" data-id=\"8ef7999\" data-element_type=\"widget\" data-widget_type=\"image-box.default\">\n\t\t\t\t<div class=\"elementor-widget-container\">\n\t\t\t<div class=\"elementor-image-box-wrapper\"><figure class=\"elementor-image-box-img\"><img decoding=\"async\" src=\"https:\/\/www.hotelcolorado.net\/wp-content\/uploads\/elementor\/thumbs\/telefono-qh4s9cnuydcj6q4bwde8p78yfngi4df2av6rbu48xo.png\" title=\"telefono\" alt=\"telefono\" loading=\"lazy\" \/><\/figure><div class=\"elementor-image-box-content\"><p class=\"elementor-image-box-description\">Telefon<\/p><\/div><\/div>\t\t<\/div>\n\t\t\t\t<\/div>\n\t\t\t\t<div class=\"elementor-element elementor-element-0cd033e elementor-position-left elementor-vertical-align-middle elementor-widget elementor-widget-image-box\" data-id=\"0cd033e\" data-element_type=\"widget\" data-widget_type=\"image-box.default\">\n\t\t\t\t<div class=\"elementor-widget-container\">\n\t\t\t<div class=\"elementor-image-box-wrapper\"><figure class=\"elementor-image-box-img\"><img decoding=\"async\" src=\"https:\/\/www.hotelcolorado.net\/wp-content\/uploads\/elementor\/thumbs\/cassaforte-qh4s9cnuydcj6q4bwde8p78yfngi4df2av6rbu48xo.png\" title=\"cassaforte\" alt=\"cassaforte\" loading=\"lazy\" \/><\/figure><div class=\"elementor-image-box-content\"><p class=\"elementor-image-box-description\">Elektronischer Tresor <\/p><\/div><\/div>\t\t<\/div>\n\t\t\t\t<\/div>\n\t\t\t\t\t<\/div>\n\t\t<\/div>\n\t\t\t\t\t\t\t<\/div>\n\t\t<\/section>\n\t\t\t\t<section class=\"elementor-section elementor-top-section elementor-element elementor-element-fa39a51 qodef-elementor-content-grid elementor-section-full_width elementor-section-stretched elementor-section-height-default elementor-section-height-default\" data-id=\"fa39a51\" data-element_type=\"section\" data-settings=\"{&quot;stretch_section&quot;:&quot;section-stretched&quot;}\">\n\t\t\t\t\t\t<div class=\"elementor-container elementor-column-gap-no\">\n\t\t\t\t\t<div class=\"elementor-column elementor-col-100 elementor-top-column elementor-element elementor-element-d921162\" data-id=\"d921162\" data-element_type=\"column\">\n\t\t\t<div class=\"elementor-widget-wrap elementor-element-populated\">\n\t\t\t\t\t\t\t\t<div class=\"elementor-element elementor-element-b286bd2 elementor-widget__width-inherit elementor-widget elementor-widget-image\" data-id=\"b286bd2\" data-element_type=\"widget\" data-widget_type=\"image.default\">\n\t\t\t\t<div class=\"elementor-widget-container\">\n\t\t\t<style>\/*! elementor - v3.18.0 - 08-12-2023 *\/\n.elementor-widget-image{text-align:center}.elementor-widget-image a{display:inline-block}.elementor-widget-image a img[src$=\".svg\"]{width:48px}.elementor-widget-image img{vertical-align:middle;display:inline-block}<\/style>\t\t\t\t\t\t\t\t\t\t\t\t<img decoding=\"async\" width=\"1024\" height=\"683\" src=\"https:\/\/www.hotelcolorado.net\/wp-content\/uploads\/2023\/08\/camera-superior-4-posti-letto.jpg\" class=\"attachment-large size-large wp-image-3684\" alt=\"\" srcset=\"https:\/\/www.hotelcolorado.net\/wp-content\/uploads\/2023\/08\/camera-superior-4-posti-letto.jpg 1024w, https:\/\/www.hotelcolorado.net\/wp-content\/uploads\/2023\/08\/camera-superior-4-posti-letto-300x200.jpg 300w, https:\/\/www.hotelcolorado.net\/wp-content\/uploads\/2023\/08\/camera-superior-4-posti-letto-768x512.jpg 768w\" sizes=\"(max-width: 1024px) 100vw, 1024px\" \/>\t\t\t\t\t\t\t\t\t\t\t\t\t\t\t<\/div>\n\t\t\t\t<\/div>\n\t\t\t\t\t<\/div>\n\t\t<\/div>\n\t\t\t\t\t\t\t<\/div>\n\t\t<\/section>\n\t\t\t\t<section class=\"elementor-section elementor-top-section elementor-element elementor-element-cbfcb9e qodef-elementor-content-grid elementor-section-full_width elementor-section-stretched elementor-section-height-default elementor-section-height-default\" data-id=\"cbfcb9e\" data-element_type=\"section\" data-settings=\"{&quot;stretch_section&quot;:&quot;section-stretched&quot;}\">\n\t\t\t\t\t\t<div class=\"elementor-container elementor-column-gap-no\">\n\t\t\t\t\t<div class=\"elementor-column elementor-col-100 elementor-top-column elementor-element elementor-element-73da6a6\" data-id=\"73da6a6\" data-element_type=\"column\">\n\t\t\t<div class=\"elementor-widget-wrap elementor-element-populated\">\n\t\t\t\t\t\t\t\t<div class=\"elementor-element elementor-element-8c330a6 elementor-widget__width-initial elementor-widget-mobile__width-initial elementor-widget elementor-widget-image\" data-id=\"8c330a6\" data-element_type=\"widget\" data-widget_type=\"image.default\">\n\t\t\t\t<div class=\"elementor-widget-container\">\n\t\t\t\t\t\t\t\t\t\t\t\t\t\t\t<img loading=\"lazy\" decoding=\"async\" width=\"1024\" height=\"762\" src=\"https:\/\/www.hotelcolorado.net\/wp-content\/uploads\/2023\/08\/camera-superior-bagno2.jpg\" class=\"attachment-large size-large wp-image-3685\" alt=\"\" srcset=\"https:\/\/www.hotelcolorado.net\/wp-content\/uploads\/2023\/08\/camera-superior-bagno2.jpg 1024w, https:\/\/www.hotelcolorado.net\/wp-content\/uploads\/2023\/08\/camera-superior-bagno2-300x223.jpg 300w, https:\/\/www.hotelcolorado.net\/wp-content\/uploads\/2023\/08\/camera-superior-bagno2-768x572.jpg 768w\" sizes=\"(max-width: 1024px) 100vw, 1024px\" \/>\t\t\t\t\t\t\t\t\t\t\t\t\t\t\t<\/div>\n\t\t\t\t<\/div>\n\t\t\t\t\t<\/div>\n\t\t<\/div>\n\t\t\t\t\t\t\t<\/div>\n\t\t<\/section>\n\t\t\t\t<section class=\"elementor-section elementor-top-section elementor-element elementor-element-27d87fa qodef-elementor-content-grid elementor-section-full_width elementor-section-stretched elementor-section-height-default elementor-section-height-default\" data-id=\"27d87fa\" data-element_type=\"section\" data-settings=\"{&quot;stretch_section&quot;:&quot;section-stretched&quot;}\">\n\t\t\t\t\t\t<div class=\"elementor-container elementor-column-gap-no\">\n\t\t\t\t\t<div class=\"elementor-column elementor-col-100 elementor-top-column elementor-element elementor-element-96c6619 elementor-hidden-desktop\" data-id=\"96c6619\" data-element_type=\"column\" data-settings=\"{&quot;animation_mobile&quot;:&quot;none&quot;}\">\n\t\t\t<div class=\"elementor-widget-wrap elementor-element-populated\">\n\t\t\t\t\t\t\t\t<div class=\"elementor-element elementor-element-00be536 elementor-widget elementor-widget-gaspard_core_parallax_image\" data-id=\"00be536\" data-element_type=\"widget\" data-widget_type=\"gaspard_core_parallax_image.default\">\n\t\t\t\t<div class=\"elementor-widget-container\">\n\t\t\t<div class=\"qodef-shortcode qodef-m  qodef-parallax-image qodef-layout--default \">\n\t<div class=\"qodef-m-image\">\n\t\t<div class=\"qodef-e-image-holder\">\n\t\t\t<div class=\"qodef-e-image-zoom-holder\">\n\t\t\t\t\t\t\t\t\t<img fetchpriority=\"high\" decoding=\"async\" width=\"2560\" height=\"1708\" src=\"https:\/\/www.hotelcolorado.net\/wp-content\/uploads\/2023\/11\/AMP_0283-scaled.jpg\" class=\"qodef-e-image\" alt=\"\" srcset=\"https:\/\/www.hotelcolorado.net\/wp-content\/uploads\/2023\/11\/AMP_0283-scaled.jpg 2560w, https:\/\/www.hotelcolorado.net\/wp-content\/uploads\/2023\/11\/AMP_0283-300x200.jpg 300w, https:\/\/www.hotelcolorado.net\/wp-content\/uploads\/2023\/11\/AMP_0283-1024x683.jpg 1024w, https:\/\/www.hotelcolorado.net\/wp-content\/uploads\/2023\/11\/AMP_0283-768x512.jpg 768w, https:\/\/www.hotelcolorado.net\/wp-content\/uploads\/2023\/11\/AMP_0283-1536x1025.jpg 1536w, https:\/\/www.hotelcolorado.net\/wp-content\/uploads\/2023\/11\/AMP_0283-2048x1367.jpg 2048w\" sizes=\"(max-width: 2560px) 100vw, 2560px\" \/>\t\t\t\t\t\t\t<\/div>\n\t\t<\/div>\n\t<\/div>\n<\/div>\t\t<\/div>\n\t\t\t\t<\/div>\n\t\t\t\t<div class=\"elementor-element elementor-element-7af35bd elementor-widget-tablet__width-initial elementor-widget elementor-widget-gaspard_core_parallax_image\" data-id=\"7af35bd\" data-element_type=\"widget\" data-widget_type=\"gaspard_core_parallax_image.default\">\n\t\t\t\t<div class=\"elementor-widget-container\">\n\t\t\t<div class=\"qodef-shortcode qodef-m  qodef-parallax-image qodef-layout--default \">\n\t<div class=\"qodef-m-image\">\n\t\t<div class=\"qodef-e-image-holder\">\n\t\t\t<div class=\"qodef-e-image-zoom-holder\">\n\t\t\t\t\t\t\t\t\t<img decoding=\"async\" width=\"1024\" height=\"683\" src=\"https:\/\/www.hotelcolorado.net\/wp-content\/uploads\/2023\/08\/camera-superior-bagno.jpg\" class=\"qodef-e-image\" alt=\"\" srcset=\"https:\/\/www.hotelcolorado.net\/wp-content\/uploads\/2023\/08\/camera-superior-bagno.jpg 1024w, https:\/\/www.hotelcolorado.net\/wp-content\/uploads\/2023\/08\/camera-superior-bagno-300x200.jpg 300w, https:\/\/www.hotelcolorado.net\/wp-content\/uploads\/2023\/08\/camera-superior-bagno-768x512.jpg 768w\" sizes=\"(max-width: 1024px) 100vw, 1024px\" \/>\t\t\t\t\t\t\t<\/div>\n\t\t<\/div>\n\t<\/div>\n<\/div>\t\t<\/div>\n\t\t\t\t<\/div>\n\t\t\t\t\t<\/div>\n\t\t<\/div>\n\t\t\t\t\t\t\t<\/div>\n\t\t<\/section>\n\t\t\t\t\t\t\t<\/div>\n\t\t","protected":false},"excerpt":{"rendered":"<p>Schlafzimmer- und Badezimmerfl\u00e4che: 26 qm + Terrass Strand 1. oder 2. Etage Ideal f\u00fcr 2 Personen, bietet es Platz f\u00fcr bis zu 4 Personen. Die Schalld\u00e4mmung der Oberfl\u00e4che, die in Italien hergestellten M\u00f6bel, die sich durch die sorgf\u00e4ltige Verarbeitung auszeichnen, die Holzeins\u00e4tze und die sanften Farben schaffen ein entspannendes und exklusives Wohngef\u00fchl. Im Schlafbereich gibt [&hellip;]<\/p>\n","protected":false},"author":1,"featured_media":0,"parent":4019,"menu_order":0,"comment_status":"closed","ping_status":"closed","template":"page-full-width.php","meta":{"footnotes":""},"class_list":["post-4033","page","type-page","status-publish","hentry"],"_links":{"self":[{"href":"https:\/\/www.hotelcolorado.net\/index.php\/wp-json\/wp\/v2\/pages\/4033","targetHints":{"allow":["GET"]}}],"collection":[{"href":"https:\/\/www.hotelcolorado.net\/index.php\/wp-json\/wp\/v2\/pages"}],"about":[{"href":"https:\/\/www.hotelcolorado.net\/index.php\/wp-json\/wp\/v2\/types\/page"}],"author":[{"embeddable":true,"href":"https:\/\/www.hotelcolorado.net\/index.php\/wp-json\/wp\/v2\/users\/1"}],"replies":[{"embeddable":true,"href":"https:\/\/www.hotelcolorado.net\/index.php\/wp-json\/wp\/v2\/comments?post=4033"}],"version-history":[{"count":40,"href":"https:\/\/www.hotelcolorado.net\/index.php\/wp-json\/wp\/v2\/pages\/4033\/revisions"}],"predecessor-version":[{"id":5282,"href":"https:\/\/www.hotelcolorado.net\/index.php\/wp-json\/wp\/v2\/pages\/4033\/revisions\/5282"}],"up":[{"embeddable":true,"href":"https:\/\/www.hotelcolorado.net\/index.php\/wp-json\/wp\/v2\/pages\/4019"}],"wp:attachment":[{"href":"https:\/\/www.hotelcolorado.net\/index.php\/wp-json\/wp\/v2\/media?parent=4033"}],"curies":[{"name":"wp","href":"https:\/\/api.w.org\/{rel}","templated":true}]}}