{"id":4047,"date":"2023-10-23T21:49:21","date_gmt":"2023-10-23T21:49:21","guid":{"rendered":"https:\/\/www.hotelcolorado.net\/?page_id=4047"},"modified":"2024-01-18T12:01:03","modified_gmt":"2024-01-18T12:01:03","slug":"chambre-triple-confort","status":"publish","type":"page","link":"https:\/\/www.hotelcolorado.net\/index.php\/fr\/pieces\/chambre-triple-confort\/","title":{"rendered":"Chambre triple confort"},"content":{"rendered":"\t\t<div data-elementor-type=\"wp-post\" data-elementor-id=\"4047\" class=\"elementor elementor-4047\">\n\t\t\t\t\t\t\t\t\t<section class=\"elementor-section elementor-top-section elementor-element elementor-element-ef5dc85 qodef-elementor-content-grid elementor-section-content-top elementor-section-stretched elementor-section-boxed elementor-section-height-default elementor-section-height-default\" data-id=\"ef5dc85\" data-element_type=\"section\" data-settings=\"{&quot;stretch_section&quot;:&quot;section-stretched&quot;}\">\n\t\t\t\t\t\t<div class=\"elementor-container elementor-column-gap-no\">\n\t\t\t\t\t<div class=\"elementor-column elementor-col-50 elementor-top-column elementor-element elementor-element-c53a540 elementor-hidden-tablet elementor-hidden-mobile\" data-id=\"c53a540\" data-element_type=\"column\">\n\t\t\t<div class=\"elementor-widget-wrap elementor-element-populated\">\n\t\t\t\t\t\t\t\t<div class=\"elementor-element elementor-element-8fb8ad2 elementor-widget elementor-widget-gaspard_core_parallax_image\" data-id=\"8fb8ad2\" data-element_type=\"widget\" data-widget_type=\"gaspard_core_parallax_image.default\">\n\t\t\t\t<div class=\"elementor-widget-container\">\n\t\t\t<div class=\"qodef-shortcode qodef-m  qodef-parallax-image qodef-layout--default qodef-animation--enabled\">\n\t<div class=\"qodef-m-image\">\n\t\t<div class=\"qodef-e-image-holder\">\n\t\t\t<div class=\"qodef-e-image-zoom-holder\">\n\t\t\t\t\t\t\t\t\t<img fetchpriority=\"high\" decoding=\"async\" width=\"1023\" height=\"686\" src=\"https:\/\/www.hotelcolorado.net\/wp-content\/uploads\/2023\/05\/DGA_8255.jpeg\" class=\"qodef-e-image\" alt=\"\" srcset=\"https:\/\/www.hotelcolorado.net\/wp-content\/uploads\/2023\/05\/DGA_8255.jpeg 1023w, https:\/\/www.hotelcolorado.net\/wp-content\/uploads\/2023\/05\/DGA_8255-300x201.jpeg 300w, https:\/\/www.hotelcolorado.net\/wp-content\/uploads\/2023\/05\/DGA_8255-768x515.jpeg 768w\" sizes=\"(max-width: 1023px) 100vw, 1023px\" \/>\t\t\t\t\t\t\t<\/div>\n\t\t<\/div>\n\t<\/div>\n<\/div>\t\t<\/div>\n\t\t\t\t<\/div>\n\t\t\t\t<div class=\"elementor-element elementor-element-62123ec elementor-widget elementor-widget-gaspard_core_parallax_image\" data-id=\"62123ec\" data-element_type=\"widget\" data-widget_type=\"gaspard_core_parallax_image.default\">\n\t\t\t\t<div class=\"elementor-widget-container\">\n\t\t\t<div class=\"qodef-shortcode qodef-m  qodef-parallax-image qodef-layout--default qodef-animation--enabled\">\n\t<div class=\"qodef-m-image\">\n\t\t<div class=\"qodef-e-image-holder\">\n\t\t\t<div class=\"qodef-e-image-zoom-holder\">\n\t\t\t\t\t\t\t\t\t<img decoding=\"async\" width=\"1268\" height=\"840\" src=\"https:\/\/www.hotelcolorado.net\/wp-content\/uploads\/2023\/05\/untitled__107.jpeg\" class=\"qodef-e-image\" alt=\"\" srcset=\"https:\/\/www.hotelcolorado.net\/wp-content\/uploads\/2023\/05\/untitled__107.jpeg 1268w, https:\/\/www.hotelcolorado.net\/wp-content\/uploads\/2023\/05\/untitled__107-300x199.jpeg 300w, https:\/\/www.hotelcolorado.net\/wp-content\/uploads\/2023\/05\/untitled__107-1024x678.jpeg 1024w, https:\/\/www.hotelcolorado.net\/wp-content\/uploads\/2023\/05\/untitled__107-768x509.jpeg 768w\" sizes=\"(max-width: 1268px) 100vw, 1268px\" \/>\t\t\t\t\t\t\t<\/div>\n\t\t<\/div>\n\t<\/div>\n<\/div>\t\t<\/div>\n\t\t\t\t<\/div>\n\t\t\t\t\t<\/div>\n\t\t<\/div>\n\t\t\t\t<div class=\"elementor-column elementor-col-50 elementor-top-column elementor-element elementor-element-9399ff8\" data-id=\"9399ff8\" data-element_type=\"column\">\n\t\t\t<div class=\"elementor-widget-wrap elementor-element-populated\">\n\t\t\t\t\t\t\t\t<div class=\"elementor-element elementor-element-74f93ce elementor-widget elementor-widget-gaspard_core_section_title\" data-id=\"74f93ce\" data-element_type=\"widget\" data-widget_type=\"gaspard_core_section_title.default\">\n\t\t\t\t<div class=\"elementor-widget-container\">\n\t\t\t<div class=\"qodef-shortcode qodef-m  qodef-section-title qodef-alignment--left  qodef--has-appear\">\n\t\t<h3 class=\"qodef-m-title\" >\n\tSurface chambre + salle de bain : 19 m2 + terrasse\t<\/h3>\n\t\t<p class=\"qodef-m-subtitle\" >C\u00f4t\u00e9 int\u00e9rieur 1er ou 2\u00e8me \u00e9tage<\/p>\n\t\t<div class=\"qodef-m-text\" style=\"margin-top: 29px\">\n\t\t<p>Id\u00e9al pour 3 personnes, il propose un ameublement aux couleurs claires et claires dans un environnement confin\u00e9 et fonctionnel. Dans la chambre, il y a de la place pour un lit double et un lit simple et, sur demande, \u00e9galement un lit b\u00e9b\u00e9 avec des c\u00f4t\u00e9s de 120x60 cm. La terrasse \u00e9quip\u00e9e de table, chaises et \u00e9tendoir compl\u00e8te une solution o\u00f9 vous pouvez utiliser confortablement tout ce dont vous avez besoin.<\/p>\t<\/div>\n\t\t<div class=\"qodef-m-button clear\">\n\t\t<a class=\"qodef-shortcode qodef-m  qodef-button qodef-layout--outlined   qodef-html--link\" href=\"https:\/\/www.hotelcolorado.net\/wp-content\/uploads\/2019\/02\/tripla.pdf\" target=\"_blank\"  >\t<span class=\"qodef-m-text\">Plan de la chambre<\/span>    <span class=\"qodef-m-bckg-holder\" ><\/span><\/a>\t<\/div>\n\t<\/div>\t\t<\/div>\n\t\t\t\t<\/div>\n\t\t\t\t\t<\/div>\n\t\t<\/div>\n\t\t\t\t\t\t\t<\/div>\n\t\t<\/section>\n\t\t\t\t<section class=\"elementor-section elementor-top-section elementor-element elementor-element-411d112c elementor-section-full_width qodef-elementor-content-grid elementor-section-stretched elementor-section-height-default elementor-section-height-default\" data-id=\"411d112c\" data-element_type=\"section\" data-settings=\"{&quot;background_background&quot;:&quot;classic&quot;,&quot;stretch_section&quot;:&quot;section-stretched&quot;}\">\n\t\t\t\t\t\t\t<div class=\"elementor-background-overlay\"><\/div>\n\t\t\t\t\t\t\t<div class=\"elementor-container elementor-column-gap-no\">\n\t\t\t\t\t<div class=\"elementor-column elementor-col-25 elementor-top-column elementor-element elementor-element-75eca924\" data-id=\"75eca924\" data-element_type=\"column\">\n\t\t\t<div class=\"elementor-widget-wrap elementor-element-populated\">\n\t\t\t\t\t\t\t\t<div class=\"elementor-element elementor-element-5ae81428 elementor-position-left elementor-vertical-align-middle elementor-widget elementor-widget-image-box\" data-id=\"5ae81428\" data-element_type=\"widget\" data-widget_type=\"image-box.default\">\n\t\t\t\t<div class=\"elementor-widget-container\">\n\t\t\t<style>\/*! elementor - v3.18.0 - 08-12-2023 *\/\n.elementor-widget-image-box .elementor-image-box-content{width:100%}@media (min-width:768px){.elementor-widget-image-box.elementor-position-left .elementor-image-box-wrapper,.elementor-widget-image-box.elementor-position-right .elementor-image-box-wrapper{display:flex}.elementor-widget-image-box.elementor-position-right .elementor-image-box-wrapper{text-align:right;flex-direction:row-reverse}.elementor-widget-image-box.elementor-position-left .elementor-image-box-wrapper{text-align:left;flex-direction:row}.elementor-widget-image-box.elementor-position-top .elementor-image-box-img{margin:auto}.elementor-widget-image-box.elementor-vertical-align-top .elementor-image-box-wrapper{align-items:flex-start}.elementor-widget-image-box.elementor-vertical-align-middle .elementor-image-box-wrapper{align-items:center}.elementor-widget-image-box.elementor-vertical-align-bottom .elementor-image-box-wrapper{align-items:flex-end}}@media (max-width:767px){.elementor-widget-image-box .elementor-image-box-img{margin-left:auto!important;margin-right:auto!important;margin-bottom:15px}}.elementor-widget-image-box .elementor-image-box-img{display:inline-block}.elementor-widget-image-box .elementor-image-box-title a{color:inherit}.elementor-widget-image-box .elementor-image-box-wrapper{text-align:center}.elementor-widget-image-box .elementor-image-box-description{margin:0}<\/style><div class=\"elementor-image-box-wrapper\"><figure class=\"elementor-image-box-img\"><img decoding=\"async\" src=\"https:\/\/www.hotelcolorado.net\/wp-content\/uploads\/elementor\/thumbs\/arredamentomoderno-qh4s9cnuydcj6q4bwde8p78yfngi4df2av6rbu48xo.png\" title=\"arredamentomoderno\" alt=\"arredamentomoderno\" loading=\"lazy\" \/><\/figure><div class=\"elementor-image-box-content\"><p class=\"elementor-image-box-description\">Mobilier contemporain<\/p><\/div><\/div>\t\t<\/div>\n\t\t\t\t<\/div>\n\t\t\t\t<div class=\"elementor-element elementor-element-5a2bb00e elementor-position-left elementor-vertical-align-middle elementor-widget elementor-widget-image-box\" data-id=\"5a2bb00e\" data-element_type=\"widget\" data-widget_type=\"image-box.default\">\n\t\t\t\t<div class=\"elementor-widget-container\">\n\t\t\t<div class=\"elementor-image-box-wrapper\"><figure class=\"elementor-image-box-img\"><img decoding=\"async\" src=\"https:\/\/www.hotelcolorado.net\/wp-content\/uploads\/elementor\/thumbs\/outline_volume_off_black_24dp-prova-qh4s9cnuydcj6q4bwde8p78yfngi4df2av6rbu48xo.png\" title=\"outline_volume_off_black_24dp-prova\" alt=\"outline_volume_off_black_24dp-prova\" loading=\"lazy\" \/><\/figure><div class=\"elementor-image-box-content\"><p class=\"elementor-image-box-description\">Sol insonoris\u00e9<\/p><\/div><\/div>\t\t<\/div>\n\t\t\t\t<\/div>\n\t\t\t\t<div class=\"elementor-element elementor-element-25d9fea0 elementor-position-left elementor-vertical-align-middle elementor-widget elementor-widget-image-box\" data-id=\"25d9fea0\" data-element_type=\"widget\" data-widget_type=\"image-box.default\">\n\t\t\t\t<div class=\"elementor-widget-container\">\n\t\t\t<div class=\"elementor-image-box-wrapper\"><figure class=\"elementor-image-box-img\"><img decoding=\"async\" src=\"https:\/\/www.hotelcolorado.net\/wp-content\/uploads\/elementor\/thumbs\/materasso-qh4s9cnuydcj6q4bwde8p78yfngi4df2av6rbu48xo.png\" title=\"materasso\" alt=\"materasso\" loading=\"lazy\" \/><\/figure><div class=\"elementor-image-box-content\"><p class=\"elementor-image-box-description\">Matelas confortable<\/p><\/div><\/div>\t\t<\/div>\n\t\t\t\t<\/div>\n\t\t\t\t\t<\/div>\n\t\t<\/div>\n\t\t\t\t<div class=\"elementor-column elementor-col-25 elementor-top-column elementor-element elementor-element-512e2557\" data-id=\"512e2557\" data-element_type=\"column\">\n\t\t\t<div class=\"elementor-widget-wrap elementor-element-populated\">\n\t\t\t\t\t\t\t\t<div class=\"elementor-element elementor-element-194df18d elementor-position-left elementor-vertical-align-middle elementor-widget elementor-widget-image-box\" data-id=\"194df18d\" data-element_type=\"widget\" data-widget_type=\"image-box.default\">\n\t\t\t\t<div class=\"elementor-widget-container\">\n\t\t\t<div class=\"elementor-image-box-wrapper\"><figure class=\"elementor-image-box-img\"><img decoding=\"async\" src=\"https:\/\/www.hotelcolorado.net\/wp-content\/uploads\/elementor\/thumbs\/doccia-qh4s9dlp57dtic2yqvsv9p0f11bvc2ismzu8t42urg.png\" title=\"doccia\" alt=\"doccia\" loading=\"lazy\" \/><\/figure><div class=\"elementor-image-box-content\"><p class=\"elementor-image-box-description\">Salle de bain avec douche<\/p><\/div><\/div>\t\t<\/div>\n\t\t\t\t<\/div>\n\t\t\t\t<div class=\"elementor-element elementor-element-7c6cb216 elementor-position-left elementor-vertical-align-middle elementor-widget elementor-widget-image-box\" data-id=\"7c6cb216\" data-element_type=\"widget\" data-widget_type=\"image-box.default\">\n\t\t\t\t<div class=\"elementor-widget-container\">\n\t\t\t<div class=\"elementor-image-box-wrapper\"><figure class=\"elementor-image-box-img\"><img decoding=\"async\" src=\"https:\/\/www.hotelcolorado.net\/wp-content\/uploads\/elementor\/thumbs\/balcone-qh4s9cnuydcj6q4bwde8p78yfngi4df2av6rbu48xo.png\" title=\"balcone\" alt=\"balcone\" loading=\"lazy\" \/><\/figure><div class=\"elementor-image-box-content\"><p class=\"elementor-image-box-description\">Balcon meubl\u00e9<\/p><\/div><\/div>\t\t<\/div>\n\t\t\t\t<\/div>\n\t\t\t\t<div class=\"elementor-element elementor-element-737b1c07 elementor-position-left elementor-vertical-align-middle elementor-widget elementor-widget-image-box\" data-id=\"737b1c07\" data-element_type=\"widget\" data-widget_type=\"image-box.default\">\n\t\t\t\t<div class=\"elementor-widget-container\">\n\t\t\t<div class=\"elementor-image-box-wrapper\"><figure class=\"elementor-image-box-img\"><img decoding=\"async\" src=\"https:\/\/www.hotelcolorado.net\/wp-content\/uploads\/elementor\/thumbs\/AC-qh4s9cnuydcj6q4bwde8p78yfngi4df2av6rbu48xo.png\" title=\"AC\" alt=\"AC\" loading=\"lazy\" \/><\/figure><div class=\"elementor-image-box-content\"><p class=\"elementor-image-box-description\">Climatisation et chauffage<\/p><\/div><\/div>\t\t<\/div>\n\t\t\t\t<\/div>\n\t\t\t\t\t<\/div>\n\t\t<\/div>\n\t\t\t\t<div class=\"elementor-column elementor-col-25 elementor-top-column elementor-element elementor-element-3f9c0195\" data-id=\"3f9c0195\" data-element_type=\"column\">\n\t\t\t<div class=\"elementor-widget-wrap elementor-element-populated\">\n\t\t\t\t\t\t\t\t<div class=\"elementor-element elementor-element-3a0716c9 elementor-position-left elementor-vertical-align-middle elementor-widget elementor-widget-image-box\" data-id=\"3a0716c9\" data-element_type=\"widget\" data-widget_type=\"image-box.default\">\n\t\t\t\t<div class=\"elementor-widget-container\">\n\t\t\t<div class=\"elementor-image-box-wrapper\"><figure class=\"elementor-image-box-img\"><img decoding=\"async\" src=\"https:\/\/www.hotelcolorado.net\/wp-content\/uploads\/elementor\/thumbs\/tvsat-qh4s9cnuydcj6q4bwde8p78yfngi4df2av6rbu48xo.png\" title=\"tvsat\" alt=\"tvsat\" loading=\"lazy\" \/><\/figure><div class=\"elementor-image-box-content\"><p class=\"elementor-image-box-description\">T\u00e9l\u00e9vision par satellite<\/p><\/div><\/div>\t\t<\/div>\n\t\t\t\t<\/div>\n\t\t\t\t<div class=\"elementor-element elementor-element-1d64fbf elementor-position-left elementor-vertical-align-middle elementor-widget elementor-widget-image-box\" data-id=\"1d64fbf\" data-element_type=\"widget\" data-widget_type=\"image-box.default\">\n\t\t\t\t<div class=\"elementor-widget-container\">\n\t\t\t<div class=\"elementor-image-box-wrapper\"><figure class=\"elementor-image-box-img\"><img decoding=\"async\" src=\"https:\/\/www.hotelcolorado.net\/wp-content\/uploads\/elementor\/thumbs\/phon-qh4s9dlp57dtic2yqvsv9p0f11bvc2ismzu8t42urg.png\" title=\"phon\" alt=\"phon\" loading=\"lazy\" \/><\/figure><div class=\"elementor-image-box-content\"><p class=\"elementor-image-box-description\">S\u00e8che-cheveux<\/p><\/div><\/div>\t\t<\/div>\n\t\t\t\t<\/div>\n\t\t\t\t<div class=\"elementor-element elementor-element-3c987ede elementor-position-left elementor-vertical-align-middle elementor-widget elementor-widget-image-box\" data-id=\"3c987ede\" data-element_type=\"widget\" data-widget_type=\"image-box.default\">\n\t\t\t\t<div class=\"elementor-widget-container\">\n\t\t\t<div class=\"elementor-image-box-wrapper\"><figure class=\"elementor-image-box-img\"><img decoding=\"async\" src=\"https:\/\/www.hotelcolorado.net\/wp-content\/uploads\/elementor\/thumbs\/wifi-qh4s9dlp57dtic2yqvsv9p0f11bvc2ismzu8t42urg.png\" title=\"wifi\" alt=\"wifi\" loading=\"lazy\" \/><\/figure><div class=\"elementor-image-box-content\"><p class=\"elementor-image-box-description\">Wifi<\/p><\/div><\/div>\t\t<\/div>\n\t\t\t\t<\/div>\n\t\t\t\t\t<\/div>\n\t\t<\/div>\n\t\t\t\t<div class=\"elementor-column elementor-col-25 elementor-top-column elementor-element elementor-element-4437529f\" data-id=\"4437529f\" data-element_type=\"column\">\n\t\t\t<div class=\"elementor-widget-wrap elementor-element-populated\">\n\t\t\t\t\t\t\t\t<div class=\"elementor-element elementor-element-270dca27 elementor-position-left elementor-vertical-align-middle elementor-widget elementor-widget-image-box\" data-id=\"270dca27\" data-element_type=\"widget\" data-widget_type=\"image-box.default\">\n\t\t\t\t<div class=\"elementor-widget-container\">\n\t\t\t<div class=\"elementor-image-box-wrapper\"><figure class=\"elementor-image-box-img\"><img decoding=\"async\" src=\"https:\/\/www.hotelcolorado.net\/wp-content\/uploads\/elementor\/thumbs\/frigo-qh4s9cnuydcj6q4bwde8p78yfngi4df2av6rbu48xo.png\" title=\"frigo\" alt=\"frigo\" loading=\"lazy\" \/><\/figure><div class=\"elementor-image-box-content\"><p class=\"elementor-image-box-description\">Mini-bar<\/p><\/div><\/div>\t\t<\/div>\n\t\t\t\t<\/div>\n\t\t\t\t<div class=\"elementor-element elementor-element-3600e360 elementor-position-left elementor-vertical-align-middle elementor-widget elementor-widget-image-box\" data-id=\"3600e360\" data-element_type=\"widget\" data-widget_type=\"image-box.default\">\n\t\t\t\t<div class=\"elementor-widget-container\">\n\t\t\t<div class=\"elementor-image-box-wrapper\"><figure class=\"elementor-image-box-img\"><img decoding=\"async\" src=\"https:\/\/www.hotelcolorado.net\/wp-content\/uploads\/elementor\/thumbs\/telefono-qh4s9cnuydcj6q4bwde8p78yfngi4df2av6rbu48xo.png\" title=\"telefono\" alt=\"telefono\" loading=\"lazy\" \/><\/figure><div class=\"elementor-image-box-content\"><p class=\"elementor-image-box-description\">T\u00e9l\u00e9phone<\/p><\/div><\/div>\t\t<\/div>\n\t\t\t\t<\/div>\n\t\t\t\t<div class=\"elementor-element elementor-element-318631a8 elementor-position-left elementor-vertical-align-middle elementor-widget elementor-widget-image-box\" data-id=\"318631a8\" data-element_type=\"widget\" data-widget_type=\"image-box.default\">\n\t\t\t\t<div class=\"elementor-widget-container\">\n\t\t\t<div class=\"elementor-image-box-wrapper\"><figure class=\"elementor-image-box-img\"><img decoding=\"async\" src=\"https:\/\/www.hotelcolorado.net\/wp-content\/uploads\/elementor\/thumbs\/cassaforte-qh4s9cnuydcj6q4bwde8p78yfngi4df2av6rbu48xo.png\" title=\"cassaforte\" alt=\"cassaforte\" loading=\"lazy\" \/><\/figure><div class=\"elementor-image-box-content\"><p class=\"elementor-image-box-description\">Coffre-fort \u00e9lectronique<\/p><\/div><\/div>\t\t<\/div>\n\t\t\t\t<\/div>\n\t\t\t\t\t<\/div>\n\t\t<\/div>\n\t\t\t\t\t\t\t<\/div>\n\t\t<\/section>\n\t\t\t\t<section class=\"elementor-section elementor-top-section elementor-element elementor-element-4164442 elementor-section-boxed elementor-section-height-default elementor-section-height-default qodef-elementor-content-no\" data-id=\"4164442\" data-element_type=\"section\">\n\t\t\t\t\t\t<div class=\"elementor-container elementor-column-gap-default\">\n\t\t\t\t\t<div class=\"elementor-column elementor-col-100 elementor-top-column elementor-element elementor-element-d2ef60b\" data-id=\"d2ef60b\" data-element_type=\"column\">\n\t\t\t<div class=\"elementor-widget-wrap elementor-element-populated\">\n\t\t\t\t\t\t\t\t<div class=\"elementor-element elementor-element-9947535 elementor-widget elementor-widget-image\" data-id=\"9947535\" data-element_type=\"widget\" data-widget_type=\"image.default\">\n\t\t\t\t<div class=\"elementor-widget-container\">\n\t\t\t<style>\/*! elementor - v3.18.0 - 08-12-2023 *\/\n.elementor-widget-image{text-align:center}.elementor-widget-image a{display:inline-block}.elementor-widget-image a img[src$=\".svg\"]{width:48px}.elementor-widget-image img{vertical-align:middle;display:inline-block}<\/style>\t\t\t\t\t\t\t\t\t\t\t\t<img decoding=\"async\" width=\"1024\" height=\"683\" src=\"https:\/\/www.hotelcolorado.net\/wp-content\/uploads\/2023\/05\/825g5267-1024x683.jpeg\" class=\"attachment-large size-large wp-image-3576\" alt=\"\" srcset=\"https:\/\/www.hotelcolorado.net\/wp-content\/uploads\/2023\/05\/825g5267-1024x683.jpeg 1024w, https:\/\/www.hotelcolorado.net\/wp-content\/uploads\/2023\/05\/825g5267-300x200.jpeg 300w, https:\/\/www.hotelcolorado.net\/wp-content\/uploads\/2023\/05\/825g5267-768x512.jpeg 768w, https:\/\/www.hotelcolorado.net\/wp-content\/uploads\/2023\/05\/825g5267.jpeg 1260w\" sizes=\"(max-width: 1024px) 100vw, 1024px\" \/>\t\t\t\t\t\t\t\t\t\t\t\t\t\t\t<\/div>\n\t\t\t\t<\/div>\n\t\t\t\t\t<\/div>\n\t\t<\/div>\n\t\t\t\t\t\t\t<\/div>\n\t\t<\/section>\n\t\t\t\t<section class=\"elementor-section elementor-top-section elementor-element elementor-element-c65d0ae elementor-section-boxed elementor-section-height-default elementor-section-height-default qodef-elementor-content-no\" data-id=\"c65d0ae\" data-element_type=\"section\">\n\t\t\t\t\t\t<div class=\"elementor-container elementor-column-gap-default\">\n\t\t\t\t\t<div class=\"elementor-column elementor-col-100 elementor-top-column elementor-element elementor-element-717261b elementor-hidden-desktop\" data-id=\"717261b\" data-element_type=\"column\">\n\t\t\t<div class=\"elementor-widget-wrap elementor-element-populated\">\n\t\t\t\t\t\t\t\t<div class=\"elementor-element elementor-element-5aaaffd elementor-widget elementor-widget-gaspard_core_parallax_image\" data-id=\"5aaaffd\" data-element_type=\"widget\" data-widget_type=\"gaspard_core_parallax_image.default\">\n\t\t\t\t<div class=\"elementor-widget-container\">\n\t\t\t<div class=\"qodef-shortcode qodef-m  qodef-parallax-image qodef-layout--default \">\n\t<div class=\"qodef-m-image\">\n\t\t<div class=\"qodef-e-image-holder\">\n\t\t\t<div class=\"qodef-e-image-zoom-holder\">\n\t\t\t\t\t\t\t\t\t<img fetchpriority=\"high\" decoding=\"async\" width=\"1023\" height=\"686\" src=\"https:\/\/www.hotelcolorado.net\/wp-content\/uploads\/2023\/05\/DGA_8255.jpeg\" class=\"qodef-e-image\" alt=\"\" srcset=\"https:\/\/www.hotelcolorado.net\/wp-content\/uploads\/2023\/05\/DGA_8255.jpeg 1023w, https:\/\/www.hotelcolorado.net\/wp-content\/uploads\/2023\/05\/DGA_8255-300x201.jpeg 300w, https:\/\/www.hotelcolorado.net\/wp-content\/uploads\/2023\/05\/DGA_8255-768x515.jpeg 768w\" sizes=\"(max-width: 1023px) 100vw, 1023px\" \/>\t\t\t\t\t\t\t<\/div>\n\t\t<\/div>\n\t<\/div>\n<\/div>\t\t<\/div>\n\t\t\t\t<\/div>\n\t\t\t\t<div class=\"elementor-element elementor-element-315fec3 elementor-widget elementor-widget-gaspard_core_parallax_image\" data-id=\"315fec3\" data-element_type=\"widget\" data-widget_type=\"gaspard_core_parallax_image.default\">\n\t\t\t\t<div class=\"elementor-widget-container\">\n\t\t\t<div class=\"qodef-shortcode qodef-m  qodef-parallax-image qodef-layout--default \">\n\t<div class=\"qodef-m-image\">\n\t\t<div class=\"qodef-e-image-holder\">\n\t\t\t<div class=\"qodef-e-image-zoom-holder\">\n\t\t\t\t\t\t\t\t\t<img decoding=\"async\" width=\"1268\" height=\"840\" src=\"https:\/\/www.hotelcolorado.net\/wp-content\/uploads\/2023\/05\/untitled__107.jpeg\" class=\"qodef-e-image\" alt=\"\" srcset=\"https:\/\/www.hotelcolorado.net\/wp-content\/uploads\/2023\/05\/untitled__107.jpeg 1268w, https:\/\/www.hotelcolorado.net\/wp-content\/uploads\/2023\/05\/untitled__107-300x199.jpeg 300w, https:\/\/www.hotelcolorado.net\/wp-content\/uploads\/2023\/05\/untitled__107-1024x678.jpeg 1024w, https:\/\/www.hotelcolorado.net\/wp-content\/uploads\/2023\/05\/untitled__107-768x509.jpeg 768w\" sizes=\"(max-width: 1268px) 100vw, 1268px\" \/>\t\t\t\t\t\t\t<\/div>\n\t\t<\/div>\n\t<\/div>\n<\/div>\t\t<\/div>\n\t\t\t\t<\/div>\n\t\t\t\t\t<\/div>\n\t\t<\/div>\n\t\t\t\t\t\t\t<\/div>\n\t\t<\/section>\n\t\t\t\t\t\t\t<\/div>\n\t\t","protected":false},"excerpt":{"rendered":"<p>Surface chambre + salle de bain : 19 m2 + terrasse C\u00f4t\u00e9 int\u00e9rieur 1er ou 2\u00e8me \u00e9tage Id\u00e9al pour 3 personnes, il propose un ameublement aux couleurs claires et claires dans un environnement confin\u00e9 et fonctionnel. Dans la chambre, il y a de la place pour un lit double et un lit simple et, sur [&hellip;]<\/p>\n","protected":false},"author":1,"featured_media":0,"parent":3883,"menu_order":0,"comment_status":"closed","ping_status":"closed","template":"","meta":{"footnotes":""},"class_list":["post-4047","page","type-page","status-publish","hentry"],"_links":{"self":[{"href":"https:\/\/www.hotelcolorado.net\/index.php\/wp-json\/wp\/v2\/pages\/4047","targetHints":{"allow":["GET"]}}],"collection":[{"href":"https:\/\/www.hotelcolorado.net\/index.php\/wp-json\/wp\/v2\/pages"}],"about":[{"href":"https:\/\/www.hotelcolorado.net\/index.php\/wp-json\/wp\/v2\/types\/page"}],"author":[{"embeddable":true,"href":"https:\/\/www.hotelcolorado.net\/index.php\/wp-json\/wp\/v2\/users\/1"}],"replies":[{"embeddable":true,"href":"https:\/\/www.hotelcolorado.net\/index.php\/wp-json\/wp\/v2\/comments?post=4047"}],"version-history":[{"count":10,"href":"https:\/\/www.hotelcolorado.net\/index.php\/wp-json\/wp\/v2\/pages\/4047\/revisions"}],"predecessor-version":[{"id":5185,"href":"https:\/\/www.hotelcolorado.net\/index.php\/wp-json\/wp\/v2\/pages\/4047\/revisions\/5185"}],"up":[{"embeddable":true,"href":"https:\/\/www.hotelcolorado.net\/index.php\/wp-json\/wp\/v2\/pages\/3883"}],"wp:attachment":[{"href":"https:\/\/www.hotelcolorado.net\/index.php\/wp-json\/wp\/v2\/media?parent=4047"}],"curies":[{"name":"wp","href":"https:\/\/api.w.org\/{rel}","templated":true}]}}