{"id":4106,"date":"2023-10-24T07:19:11","date_gmt":"2023-10-24T07:19:11","guid":{"rendered":"https:\/\/www.hotelcolorado.net\/?page_id=4106"},"modified":"2026-04-26T17:42:05","modified_gmt":"2026-04-26T17:42:05","slug":"restaurant-3","status":"publish","type":"page","link":"https:\/\/www.hotelcolorado.net\/index.php\/de\/restaurant-3\/","title":{"rendered":"Restaurant"},"content":{"rendered":"\t\t<div data-elementor-type=\"wp-post\" data-elementor-id=\"4106\" class=\"elementor elementor-4106\">\n\t\t\t\t\t\t\t\t\t<section class=\"elementor-section elementor-top-section elementor-element elementor-element-d128372 elementor-section-full_width qodef-elementor-content-grid elementor-section-height-default elementor-section-height-default\" data-id=\"d128372\" data-element_type=\"section\">\n\t\t\t\t\t\t<div class=\"elementor-container elementor-column-gap-no\">\n\t\t\t\t\t<div class=\"elementor-column elementor-col-100 elementor-top-column elementor-element elementor-element-cfdcd82\" data-id=\"cfdcd82\" data-element_type=\"column\">\n\t\t\t<div class=\"elementor-widget-wrap\">\n\t\t\t\t\t\t\t\t\t<\/div>\n\t\t<\/div>\n\t\t\t\t\t\t\t<\/div>\n\t\t<\/section>\n\t\t\t\t<section class=\"elementor-section elementor-top-section elementor-element elementor-element-44bcc49 elementor-section-full_width qodef-elementor-content-grid elementor-section-height-default elementor-section-height-default\" data-id=\"44bcc49\" data-element_type=\"section\">\n\t\t\t\t\t\t<div class=\"elementor-container elementor-column-gap-no\">\n\t\t\t\t\t<div class=\"elementor-column elementor-col-100 elementor-top-column elementor-element elementor-element-8a2d05e\" data-id=\"8a2d05e\" data-element_type=\"column\">\n\t\t\t<div class=\"elementor-widget-wrap elementor-element-populated\">\n\t\t\t\t\t\t\t\t<div class=\"elementor-element elementor-element-e4424fd elementor-hidden-desktop elementor-widget elementor-widget-image\" data-id=\"e4424fd\" data-element_type=\"widget\" data-widget_type=\"image.default\">\n\t\t\t\t<div class=\"elementor-widget-container\">\n\t\t\t<style>\/*! elementor - v3.18.0 - 08-12-2023 *\/\n.elementor-widget-image{text-align:center}.elementor-widget-image a{display:inline-block}.elementor-widget-image a img[src$=\".svg\"]{width:48px}.elementor-widget-image img{vertical-align:middle;display:inline-block}<\/style>\t\t\t\t\t\t\t\t\t\t\t\t<img fetchpriority=\"high\" decoding=\"async\" width=\"1024\" height=\"683\" src=\"https:\/\/www.hotelcolorado.net\/wp-content\/uploads\/2023\/05\/servizi-4-1024x683-1.jpeg\" class=\"attachment-large size-large wp-image-3309\" alt=\"\" srcset=\"https:\/\/www.hotelcolorado.net\/wp-content\/uploads\/2023\/05\/servizi-4-1024x683-1.jpeg 1024w, https:\/\/www.hotelcolorado.net\/wp-content\/uploads\/2023\/05\/servizi-4-1024x683-1-300x200.jpeg 300w, https:\/\/www.hotelcolorado.net\/wp-content\/uploads\/2023\/05\/servizi-4-1024x683-1-768x512.jpeg 768w\" sizes=\"(max-width: 1024px) 100vw, 1024px\" \/>\t\t\t\t\t\t\t\t\t\t\t\t\t\t\t<\/div>\n\t\t\t\t<\/div>\n\t\t\t\t<div class=\"elementor-element elementor-element-bed9bae elementor-widget elementor-widget-qi_addons_for_elementor_dual_image_with_content\" data-id=\"bed9bae\" data-element_type=\"widget\" data-widget_type=\"qi_addons_for_elementor_dual_image_with_content.default\">\n\t\t\t\t<div class=\"elementor-widget-container\">\n\t\t\t<div class=\"qodef-shortcode qodef-m  qodef-qi-dual-image-with-content qodef--content-left qodef-decoration--italic qodef-link--underline-draw qodef-qi--has-appear \">\n\t<div class=\"qodef-dual-content\">\n\t\t<div class=\"qodef-m-inner-content\">\n\t\t\t\t<h2 class=\"qodef-m-title\">\n\t\tGaumenfreuden\t<\/h2>\n\t\t\t\t<p class=\"qodef-m-text\">Ein gelungener Urlaub ist ohne kulinarische Verw\u00f6hnmomente nicht vollst\u00e4ndig. Das Restaurant des Hotel Colorado l\u00e4dt Sie ein, die typischen K\u00f6stlichkeiten der Region Friaul-Julisch Venetien sowie internationale Gerichte zu entdecken, serviert in einem eleganten und lichtdurchfluteten Speisesaal mit Blick auf den Garten.\nDas Hotel bietet einen Halbpensionsservice an, der ein reichhaltiges Fr\u00fchst\u00fccksbuffet mit einer gro\u00dfen Auswahl an s\u00fc\u00dfen und herzhaften Speisen sowie ein k\u00f6stliches Abendessen umfasst, das mit hochwertigen Zutaten und kreativen Pr\u00e4sentationen zubereitet wird \u2013 f\u00fcr einen Aufenthalt voller Geschmack und Wohlbefinden.\nF\u00fcr diejenigen, die mittags speisen m\u00f6chten, steht das Restaurant mit einem \u00c0-la-carte-Men\u00fc zur Verf\u00fcgung \u2013 ideal, um individuelle Gerichte oder Tagesgerichte zu genie\u00dfen. Bei Unvertr\u00e4glichkeiten oder Allergien bereiten wir gerne auf Anfrage spezielle Gerichte zu.<\/p>\n\t\t<\/div>\n\t\t<div class=\"qodef-m-inner-bottom\">\n\t\t\t\t\t<\/div>\n\t<\/div>\n\t<div class=\"qodef-image-holder\">\n\t\t<div class=\"qodef-m-main-image\">\n\t<img decoding=\"async\" width=\"1024\" height=\"683\" src=\"https:\/\/www.hotelcolorado.net\/wp-content\/uploads\/2023\/05\/servizi-4-1024x683-1.jpeg\" class=\"attachment-full size-full\" alt=\"\" srcset=\"https:\/\/www.hotelcolorado.net\/wp-content\/uploads\/2023\/05\/servizi-4-1024x683-1.jpeg 1024w, https:\/\/www.hotelcolorado.net\/wp-content\/uploads\/2023\/05\/servizi-4-1024x683-1-300x200.jpeg 300w, https:\/\/www.hotelcolorado.net\/wp-content\/uploads\/2023\/05\/servizi-4-1024x683-1-768x512.jpeg 768w\" sizes=\"(max-width: 1024px) 100vw, 1024px\" \/><\/div>\n\t\t<div class=\"qodef-m-second-image\">\n\t<img decoding=\"async\" width=\"150\" height=\"150\" src=\"https:\/\/www.hotelcolorado.net\/wp-content\/uploads\/2023\/05\/ico-ristorante-150x150.png\" class=\"attachment-thumbnail size-thumbnail\" alt=\"\" srcset=\"https:\/\/www.hotelcolorado.net\/wp-content\/uploads\/2023\/05\/ico-ristorante-150x150.png 150w, https:\/\/www.hotelcolorado.net\/wp-content\/uploads\/2023\/05\/ico-ristorante.png 190w\" sizes=\"(max-width: 150px) 100vw, 150px\" \/><\/div>\n\t<\/div>\n<\/div>\n\t\t<\/div>\n\t\t\t\t<\/div>\n\t\t\t\t<div class=\"elementor-element elementor-element-1419982 elementor-align-center elementor-widget elementor-widget-button\" data-id=\"1419982\" data-element_type=\"widget\" data-widget_type=\"button.default\">\n\t\t\t\t<div class=\"elementor-widget-container\">\n\t\t\t\t\t<div class=\"elementor-button-wrapper\">\n\t\t\t<a class=\"elementor-button elementor-button-link elementor-size-xl\" href=\"https:\/\/www.hotelcolorado.net\/wp-content\/uploads\/2026\/04\/4.-MENU-PER-SITO.pdf\">\n\t\t\t\t\t\t<span class=\"elementor-button-content-wrapper\">\n\t\t\t\t\t\t<span class=\"elementor-button-text\">ENTDECKEN SIE DAS MEN\u00dc<\/span>\n\t\t<\/span>\n\t\t\t\t\t<\/a>\n\t\t<\/div>\n\t\t\t\t<\/div>\n\t\t\t\t<\/div>\n\t\t\t\t\t<\/div>\n\t\t<\/div>\n\t\t\t\t\t\t\t<\/div>\n\t\t<\/section>\n\t\t\t\t\t\t\t<\/div>\n\t\t","protected":false},"excerpt":{"rendered":"<p>Gaumenfreuden Ein gelungener Urlaub ist ohne kulinarische Verw\u00f6hnmomente nicht vollst\u00e4ndig. Das Restaurant des Hotel Colorado l\u00e4dt Sie ein, die typischen K\u00f6stlichkeiten der Region Friaul-Julisch Venetien sowie internationale Gerichte zu entdecken, serviert in einem eleganten und lichtdurchfluteten Speisesaal mit Blick auf den Garten. Das Hotel bietet einen Halbpensionsservice an, der ein reichhaltiges Fr\u00fchst\u00fccksbuffet mit einer gro\u00dfen [&hellip;]<\/p>\n","protected":false},"author":1,"featured_media":0,"parent":0,"menu_order":0,"comment_status":"closed","ping_status":"closed","template":"page-full-width.php","meta":{"footnotes":""},"class_list":["post-4106","page","type-page","status-publish","hentry"],"_links":{"self":[{"href":"https:\/\/www.hotelcolorado.net\/index.php\/wp-json\/wp\/v2\/pages\/4106","targetHints":{"allow":["GET"]}}],"collection":[{"href":"https:\/\/www.hotelcolorado.net\/index.php\/wp-json\/wp\/v2\/pages"}],"about":[{"href":"https:\/\/www.hotelcolorado.net\/index.php\/wp-json\/wp\/v2\/types\/page"}],"author":[{"embeddable":true,"href":"https:\/\/www.hotelcolorado.net\/index.php\/wp-json\/wp\/v2\/users\/1"}],"replies":[{"embeddable":true,"href":"https:\/\/www.hotelcolorado.net\/index.php\/wp-json\/wp\/v2\/comments?post=4106"}],"version-history":[{"count":24,"href":"https:\/\/www.hotelcolorado.net\/index.php\/wp-json\/wp\/v2\/pages\/4106\/revisions"}],"predecessor-version":[{"id":13937,"href":"https:\/\/www.hotelcolorado.net\/index.php\/wp-json\/wp\/v2\/pages\/4106\/revisions\/13937"}],"wp:attachment":[{"href":"https:\/\/www.hotelcolorado.net\/index.php\/wp-json\/wp\/v2\/media?parent=4106"}],"curies":[{"name":"wp","href":"https:\/\/api.w.org\/{rel}","templated":true}]}}