{"id":4353,"date":"2023-12-21T15:25:15","date_gmt":"2023-12-21T15:25:15","guid":{"rendered":"https:\/\/www.hotelcolorado.net\/?page_id=4353"},"modified":"2023-12-21T15:25:15","modified_gmt":"2023-12-21T15:25:15","slug":"avis-de-confidentialite","status":"publish","type":"page","link":"https:\/\/www.hotelcolorado.net\/index.php\/fr\/avis-de-confidentialite\/","title":{"rendered":"Avis de confidentialit\u00e9\u00a0"},"content":{"rendered":"<p>Soc. Colorado S.r.l.<br \/>\nVia Giardini, 79<br \/>\n33054 Lignano Sabbiadoro (UD) Italia<br \/>\nTel +39.0431.422281<br \/>\nFax +39.0431. 423865<br \/>\nVAT Nr 02221210301<br \/>\nE-Mail\u00a0<a href=\"https:\/\/web.archive.org\/web\/20230205200828\/mailto:info@hotelcolorado.net\">info@hotelcolorado.net<\/a><br \/>\nWebSite\u00a0\u00a0<a href=\"https:\/\/web.archive.org\/web\/20230205200828\/https:\/\/www.hotelcolorado.net\/\">www.hotelcolorado.net<\/a><\/p>\n<p>Subscribed: Camera di commercio di Udine nr. 02221210301<\/p>\n<p>Capitale sociale:\u00a0\u20ac 35.000,00 (interamente versato)<\/p>\n<p>Number REA: UD- 244399<\/p>\n<p>&nbsp;<\/p>\n<p><strong>Avis de confidentialit\u00e9\u00a0<\/strong><\/p>\n<p>Cher client,<br \/>\nJe suis un expert dans le domaine du traitement de donn\u00e9es Je suis un expert dans le domaine du traitement de donn\u00e9es<br \/>\nConform\u00e9ment aux articles 13 et 14 du r\u00e8glement europ\u00e9en 679\/2016, nous tenons \u00e0 vous informer que le traitement des donn\u00e9es \u00e0 caract\u00e8re personnel sera fond\u00e9 sur l\u2019exactitude, la l\u00e9galit\u00e9, la transparence et la protection de votre vie priv\u00e9e.<br \/>\nTout d\u2019abord, nous tenons \u00e0 vous informer que pour notre h\u00f4tel d\u2019affaires, nous ne traitons normalement pas de donn\u00e9es sp\u00e9ciales (dites donn\u00e9es sensibles) \u00e0 moins que vous ne fournissiez ces donn\u00e9es spontan\u00e9ment pour demander certains services ou avantages; dans tous les cas, pour traiter ce type de donn\u00e9es, votre consentement sera n\u00e9cessaire.<br \/>\nSi le client utilise des interm\u00e9diaires externes (agences de voyage, sites en ligne, etc.), le responsable du traitement en apprendra les cat\u00e9gories suivantes de donn\u00e9es \u00e0 caract\u00e8re personnel provenant des interm\u00e9diaires susmentionn\u00e9s: donn\u00e9es personnelles et donn\u00e9es d\u2019identification, coordonn\u00e9es, donn\u00e9es bancaires.<br \/>\nConform\u00e9ment \u00e0 la r\u00e9glementation susmentionn\u00e9e, nous vous fournissons les informations suivantes (vous trouverez \u00e0 l\u2019H\u00f4tel Colorado un document contenant des informations suppl\u00e9mentaires).<\/p>\n<p><strong>a) CONTR\u00d4LEUR DE DONN\u00c9ES:<\/strong>\u00a0le contr\u00f4leur de donn\u00e9es est COLORADO S.R.L. en la personne du repr\u00e9sentant l\u00e9gal, num\u00e9ro de TVA 02221210301, bas\u00e9 \u00e0 33054 \u2013 Lignano Sabbiadoro (UD) Via Giardini n. 79 (t\u00e9l.: 0039 0431 422281 \u2013 email: info@hotelcolorado.net \u2013 adresse e-mail certifi\u00e9e P.E.C.: hotelcolorado@ticertifica.it), que vous pouvez contacter pour toute pr\u00e9cision que vous souhaitez avoir et \/ ou toute communication que vous souhaitez effectuer.<\/p>\n<p><strong>b) OBJET ET BASE JURIDIQUE:<\/strong>\u00a0les donn\u00e9es sont collect\u00e9es et trait\u00e9es, au moyen de proc\u00e9dures informatiques, aux fins suivantes.<br \/>\nb 1) Acqu\u00e9rir et confirmer votre demande de services et de services suppl\u00e9mentaires, afin de fournir les services demand\u00e9s, pour toute autre exigence contractuelle ou connexe.<br \/>\nBase juridique: l\u2019ex\u00e9cution du contrat de service \u00e0 la client\u00e8le et \/ ou l\u2019ex\u00e9cution de toute activit\u00e9 pr\u00e9alable au contrat.<br \/>\nb 2) Le respect des obligations l\u00e9gales (y compris les obligations administratives, comptables et fiscales) (l\u2019article 109 du d\u00e9cret royal 773\/1931 exige que le si\u00e8ge de la police soit inform\u00e9 des informations personnelles du client s\u00e9journant dans des h\u00f4tels ou d\u2019autres installations). Base juridique: respect des obligations l\u00e9gales ou r\u00e9glementaires.<br \/>\nb 3) Pour envoyer des informations commerciales concernant le service demand\u00e9 (par exemple, des courriels de rappel, des mises \u00e0 jour possibles des tarifs ou des promotions), sachant que vous pouvez vous opposer au traitement de vos donn\u00e9es \u00e0 tout moment, d\u00e8s maintenant ou A l\u2019occasion de communications ult\u00e9rieures, en envoyant un courrier \u00e9lectronique \u00e0: info@hotelcolorado.net.<br \/>\nBase juridique: int\u00e9r\u00eats l\u00e9gitimes du propri\u00e9taire.<\/p>\n<p><strong>c) CEUX QUI POUR LESQUELS DES DONN\u00c9ES PEUVENT \u00caTRE COMMUNIQU\u00c9ES:<\/strong>\u00a0comment comprendre que les communications et la circulation s\u2019effectuent dans le respect des obligations l\u00e9gales, les donn\u00e9es peuvent \u00eatre communiqu\u00e9es en Italie \u00e0: du personnel interne autoris\u00e9 \u00e0 traiter des donn\u00e9es, des consultants et des professionnels li\u00e9s \u00e0 notre activit\u00e9, traitera ces donn\u00e9es, selon la situation, en tant que contr\u00f4leurs de donn\u00e9es ou en tant que contr\u00f4leurs de donn\u00e9es autonomes (par exemple, comptables, consultants du travail, centres de traitement de donn\u00e9es comptables, conseillers juridiques, \u00e9tablissements bancaires et d\u2019assurances, fournisseurs de biens et de services), organismes de s\u00e9curit\u00e9 publique, bureaux et les institutions publiques, afin de se conformer aux obligations l\u00e9gales.<\/p>\n<p><strong>d) P\u00c9RIODE DE R\u00c9TENTION:<\/strong><br \/>\n\u2013 aux fins vis\u00e9es au point b1): dur\u00e9e de la relation contractuelle, mais certaines donn\u00e9es \u00e0 caract\u00e8re personnel peuvent ou doivent continuer \u00e0 \u00eatre trait\u00e9es aux fins indiqu\u00e9es dans les points suivants;<br \/>\nb2): les donn\u00e9es communiqu\u00e9es au si\u00e8ge de la police ne sont pas conserv\u00e9es, pendant 10 ans (et plus dans le cas) des cotisations fiscales);<br \/>\n\u2013 aux fins vis\u00e9es au point b3): 2 ans.<\/p>\n<p><strong>e) DONNEES OBLIGATOIRES ET FACULTATIVES:<\/strong><br \/>\n\u2013 la fourniture de donn\u00e9es est obligatoire \u00e0 des fins commerciales, et b2) (obligations pr\u00e9contractuelles, contractuelles et l\u00e9gales) et, par cons\u00e9quent, \u00e0 ne pas fournir de donn\u00e9es afin de nous emp\u00eacher de vous accueillir dans notre \u00e9tablissement et \/ ou ou pour activer le service demand\u00e9;<br \/>\n\u2013 la fourniture des donn\u00e9es est facultative aux fins vis\u00e9es \u00e0 la lettre b3); vous pouvez vous opposer au traitement de la relation contractuelle existante.<\/p>\n<p><strong>f) TRANSFERT DE DONN\u00c9ES \u00c0 UN PAYS TIERS OU \u00c0 DES ORGANISATIONS INTERNATIONALES<\/strong><br \/>\nDans la gestion de la relation contractuelle, le transfert de donn\u00e9es vers des pays tiers est pr\u00e9vu.<\/p>\n<p><strong>g) DROITS (R\u00e8gl. 679\/16)<\/strong>: Nous vous informons que vous avez les droits indiqu\u00e9s ci-dessous:<br \/>\n\u2013 la confirmation que vos donn\u00e9es personnelles sont ou ne sont pas en cours de traitement et, dans ce cas, l\u2019acc\u00e8s \u00e0 ces donn\u00e9es (droit d\u2019acc\u00e8s);<br \/>\n\u2013 le droit de portabilit\u00e9;<br \/>\n\u2013 la correction ou l\u2019int\u00e9gration de vos donn\u00e9es personnelles (droit de rectification);<br \/>\n\u2013 le droit d\u2019\u00eatre oubli\u00e9 (le droit d\u2019\u00eatre oubli\u00e9)<br \/>\n\u2013 la r\u00e9vocation du consentement, si le traitement est bas\u00e9 sur consentement, sans pr\u00e9judice de la lic\u00e9it\u00e9 du traitement sur la base du consentement donn\u00e9;<br \/>\n\u2013 la limitation du traitement dans les cas pr\u00e9vus par le r\u00e8glement g\u00e9n\u00e9ral sur la protection des donn\u00e9es (droit de limitation);<br \/>\n\u2013 opposition dans le cas o\u00f9 le traitement est fond\u00e9 sur un int\u00e9r\u00eat l\u00e9gitime, ou est n\u00e9cessaire \u00e0 l\u2019ex\u00e9cution d\u2019une mission d\u2019int\u00e9r\u00eat public ou li\u00e9 \u00e0 la pratique des pouvoirs publics (droit d\u2019opposition).<br \/>\n\u2013 le droit de porter plainte aupr\u00e8s de l\u2019autorit\u00e9 de contr\u00f4le (en Italie: garant de la confidentialit\u00e9) (droit de plainte).<\/p>\n<p>Pour ce faire, vous pouvez envoyer une demande par lettre recommand\u00e9e \u00e0 l\u2019adresse suivante: Colorado S.r.l., Via Giardini n. 79, 33054 \u2013 Lignano Sabbiadoro (UD) ou par p.e.c. (email certifi\u00e9) \u00e0 cette adresse hotelcolorado@ticertifica.it<\/p>\n<p><strong>COLORADO H\u00d4TEL<\/strong><br \/>\n<strong>LA GESTION DE L\u2019H\u00d4TEL<\/strong><\/p>\n","protected":false},"excerpt":{"rendered":"<p>Soc. Colorado S.r.l. Via Giardini, 79 33054 Lignano Sabbiadoro (UD) Italia Tel +39.0431.422281 Fax +39.0431. 423865 VAT Nr 02221210301 E-Mail\u00a0info@hotelcolorado.net WebSite\u00a0\u00a0www.hotelcolorado.net Subscribed: Camera di commercio di Udine nr. 02221210301 Capitale sociale:\u00a0\u20ac 35.000,00 (interamente versato) Number REA: UD- 244399 &nbsp; Avis de confidentialit\u00e9\u00a0 Cher client, Je suis un expert dans le domaine du traitement de donn\u00e9es [&hellip;]<\/p>\n","protected":false},"author":1,"featured_media":0,"parent":0,"menu_order":0,"comment_status":"closed","ping_status":"closed","template":"","meta":{"footnotes":""},"class_list":["post-4353","page","type-page","status-publish","hentry"],"_links":{"self":[{"href":"https:\/\/www.hotelcolorado.net\/index.php\/wp-json\/wp\/v2\/pages\/4353","targetHints":{"allow":["GET"]}}],"collection":[{"href":"https:\/\/www.hotelcolorado.net\/index.php\/wp-json\/wp\/v2\/pages"}],"about":[{"href":"https:\/\/www.hotelcolorado.net\/index.php\/wp-json\/wp\/v2\/types\/page"}],"author":[{"embeddable":true,"href":"https:\/\/www.hotelcolorado.net\/index.php\/wp-json\/wp\/v2\/users\/1"}],"replies":[{"embeddable":true,"href":"https:\/\/www.hotelcolorado.net\/index.php\/wp-json\/wp\/v2\/comments?post=4353"}],"version-history":[{"count":1,"href":"https:\/\/www.hotelcolorado.net\/index.php\/wp-json\/wp\/v2\/pages\/4353\/revisions"}],"predecessor-version":[{"id":4354,"href":"https:\/\/www.hotelcolorado.net\/index.php\/wp-json\/wp\/v2\/pages\/4353\/revisions\/4354"}],"wp:attachment":[{"href":"https:\/\/www.hotelcolorado.net\/index.php\/wp-json\/wp\/v2\/media?parent=4353"}],"curies":[{"name":"wp","href":"https:\/\/api.w.org\/{rel}","templated":true}]}}